{"id":37,"date":"2026-01-23T12:19:48","date_gmt":"2026-01-23T11:19:48","guid":{"rendered":"https:\/\/cupcakecats.com\/?page_id=37"},"modified":"2026-03-13T14:35:56","modified_gmt":"2026-03-13T13:35:56","slug":"backen-mit-kindern","status":"publish","type":"page","link":"https:\/\/cupcakecats.com\/pl\/backen-mit-kindern\/","title":{"rendered":"Pieczenie z dzie\u0107mi - CupCakeCats"},"content":{"rendered":"<div data-elementor-type=\"wp-page\" data-elementor-id=\"37\" class=\"elementor elementor-37\" data-elementor-post-type=\"page\">\n\t\t\t\t<div class=\"elementor-element elementor-element-b53e883 e-con-full e-flex e-con e-parent\" data-id=\"b53e883\" data-element_type=\"container\" data-e-type=\"container\" data-settings=\"{&quot;background_background&quot;:&quot;classic&quot;}\">\n\t\t<div class=\"elementor-element elementor-element-8ce5529 e-con-full e-flex e-con e-child\" data-id=\"8ce5529\" data-element_type=\"container\" data-e-type=\"container\" data-settings=\"{&quot;background_background&quot;:&quot;classic&quot;}\">\n\t\t<div class=\"elementor-element elementor-element-9cde414 e-con-full e-flex e-con e-child\" data-id=\"9cde414\" data-element_type=\"container\" data-e-type=\"container\">\n\t\t\t\t<div class=\"elementor-element elementor-element-d577788 dce_masking-none elementor-widget elementor-widget-image\" data-id=\"d577788\" data-element_type=\"widget\" data-e-type=\"widget\" data-widget_type=\"image.default\">\n\t\t\t\t\t\t\t\t\t\t\t\t\t\t\t<img fetchpriority=\"high\" decoding=\"async\" width=\"800\" height=\"532\" src=\"https:\/\/cupcakecats.com\/wp-content\/uploads\/2025\/10\/CupCakeCats-Rezepte.png\" class=\"attachment-large size-large wp-image-2886\" alt=\"Cupcake-Rezepte f\u00fcr Kinder, CupCakeCats\" srcset=\"https:\/\/cupcakecats.com\/wp-content\/uploads\/2025\/10\/CupCakeCats-Rezepte.png 943w, https:\/\/cupcakecats.com\/wp-content\/uploads\/2025\/10\/CupCakeCats-Rezepte-300x199.png 300w, https:\/\/cupcakecats.com\/wp-content\/uploads\/2025\/10\/CupCakeCats-Rezepte-768x511.png 768w, https:\/\/cupcakecats.com\/wp-content\/uploads\/2025\/10\/CupCakeCats-Rezepte-18x12.png 18w\" sizes=\"(max-width: 800px) 100vw, 800px\" \/>\t\t\t\t\t\t\t\t\t\t\t\t\t\t\t<\/div>\n\t\t\t\t<div class=\"elementor-element elementor-element-febf07d elementor-widget elementor-widget-heading\" data-id=\"febf07d\" data-element_type=\"widget\" data-e-type=\"widget\" data-widget_type=\"heading.default\">\n\t\t\t\t\t<h2 class=\"elementor-heading-title elementor-size-default\">CupCakeCats: Krok po kroku i dziecinnie proste<\/h2>\t\t\t\t<\/div>\n\t\t\t\t<div class=\"elementor-element elementor-element-58ba6a7 elementor-widget elementor-widget-heading\" data-id=\"58ba6a7\" data-element_type=\"widget\" data-e-type=\"widget\" data-widget_type=\"heading.default\">\n\t\t\t\t\t<h1 class=\"elementor-heading-title elementor-size-default\">Pieczenie z dzie\u0107mi<\/h1>\t\t\t\t<\/div>\n\t\t\t\t<\/div>\n\t\t\t\t<\/div>\n\t\t\t\t<\/div>\n\t\t<div class=\"elementor-element elementor-element-351a506 e-con-full e-flex e-con e-parent\" data-id=\"351a506\" data-element_type=\"container\" data-e-type=\"container\" data-settings=\"{&quot;background_background&quot;:&quot;classic&quot;}\">\n\t\t<div class=\"elementor-element elementor-element-432ac0b e-con-full e-flex e-con e-child\" data-id=\"432ac0b\" data-element_type=\"container\" data-e-type=\"container\" data-settings=\"{&quot;background_background&quot;:&quot;classic&quot;}\">\n\t\t<div class=\"elementor-element elementor-element-108a98c e-con-full e-flex e-con e-child\" data-id=\"108a98c\" data-element_type=\"container\" data-e-type=\"container\">\n\t\t\t\t<div class=\"elementor-element elementor-element-3836e8d elementor-widget elementor-widget-heading\" data-id=\"3836e8d\" data-element_type=\"widget\" data-e-type=\"widget\" data-widget_type=\"heading.default\">\n\t\t\t\t\t<h2 class=\"elementor-heading-title elementor-size-default\">Jak CupCakeCats uczy dzieci pieczenia krok po kroku<\/h2>\t\t\t\t<\/div>\n\t\t\t\t<div data-dce-text-color=\"#000000\" class=\"elementor-element elementor-element-33d8e5f elementor-widget__width-inherit elementor-widget elementor-widget-text-editor\" data-id=\"33d8e5f\" data-element_type=\"widget\" data-e-type=\"widget\" data-widget_type=\"text-editor.default\">\n\t\t\t\t\t\t\t\t\tPieczenie z dzie\u0107mi jest dziecinnie proste dzi\u0119ki CupCakeCats. W aplikacji internetowej urocze koty AI prowadz\u0105 dzieci krok po kroku przez przepis - od wa\u017cenia sk\u0142adnik\u00f3w po gotow\u0105 udekorowan\u0105 babeczk\u0119.\nKa\u017cdy krok jest odczytywany powoli i wyra\u017anie wy\u015bwietlany. Du\u017ce przyciski, wyra\u017ane symbole i przyjazny g\u0142os pomagaj\u0105 dzieciom w samodzielnym pieczeniu babeczek. Oznacza to, \u017ce nawet niedo\u015bwiadczeni mali piekarze mog\u0105 opanowa\u0107 w\u0142asne przepisy przyjazne dzieciom bez konieczno\u015bci wyja\u015bniania ka\u017cdego kroku przez doros\u0142ych.\t\t\t\t\t\t\t\t<\/div>\n\t\t\t\t<div data-dce-background-color=\"#E6007E\" class=\"elementor-element elementor-element-5705b20 elementor-align-justify elementor-widget elementor-widget-button\" data-id=\"5705b20\" data-element_type=\"widget\" data-e-type=\"widget\" data-widget_type=\"button.default\">\n\t\t\t\t\t\t\t\t\t\t<a class=\"elementor-button elementor-button-link elementor-size-sm\" href=\"https:\/\/cupcakecats.com\/pl\/\">\n\t\t\t\t\t\t<span class=\"elementor-button-content-wrapper\">\n\t\t\t\t\t\t<span class=\"elementor-button-icon\">\n\t\t\t\t<svg aria-hidden=\"true\" class=\"e-font-icon-svg e-fas-chevron-right\" viewbox=\"0 0 320 512\" xmlns=\"http:\/\/www.w3.org\/2000\/svg\"><path d=\"M285.476 272.971L91.132 467.314c-9.373 9.373-24.569 9.373-33.941 0l-22.667-22.667c-9.357-9.357-9.375-24.522-.04-33.901L188.505 256 34.484 101.255c-9.335-9.379-9.317-24.544.04-33.901l22.667-22.667c9.373-9.373 24.569-9.373 33.941 0L285.475 239.03c9.373 9.372 9.373 24.568.001 33.941z\"><\/path><\/svg>\t\t\t<\/span>\n\t\t\t\t\t\t\t\t\t<span class=\"elementor-button-text\">Do przepis\u00f3w<\/span>\n\t\t\t\t\t<\/span>\n\t\t\t\t\t<\/a>\n\t\t\t\t\t\t\t\t<\/div>\n\t\t\t\t<\/div>\n\t\t\t\t<\/div>\n\t\t\t\t<\/div>\n\t\t<div class=\"elementor-element elementor-element-4c9c29b e-con-full e-flex e-con e-parent\" data-id=\"4c9c29b\" data-element_type=\"container\" data-e-type=\"container\" data-settings=\"{&quot;background_background&quot;:&quot;classic&quot;}\">\n\t\t<div class=\"elementor-element elementor-element-c86fcc2 e-con-full e-flex e-con e-child\" data-id=\"c86fcc2\" data-element_type=\"container\" data-e-type=\"container\" data-settings=\"{&quot;background_background&quot;:&quot;classic&quot;}\">\n\t\t<div class=\"elementor-element elementor-element-e75e78c e-con-full e-flex e-con e-child\" data-id=\"e75e78c\" data-element_type=\"container\" data-e-type=\"container\">\n\t\t\t\t<div class=\"elementor-element elementor-element-3ab3de2 elementor-widget elementor-widget-heading\" data-id=\"3ab3de2\" data-element_type=\"widget\" data-e-type=\"widget\" data-widget_type=\"heading.default\">\n\t\t\t\t\t<h2 class=\"elementor-heading-title elementor-size-default\">Dla dzieci, rodzic\u00f3w i ka\u017cdego, kto chce piec z dzie\u0107mi<\/h2>\t\t\t\t<\/div>\n\t\t\t\t<div data-dce-text-color=\"#000000\" class=\"elementor-element elementor-element-8fc594a elementor-widget__width-inherit elementor-widget elementor-widget-text-editor\" data-id=\"8fc594a\" data-element_type=\"widget\" data-e-type=\"widget\" data-widget_type=\"text-editor.default\">\n\t\t\t\t\t\t\t\t\t<p>Aplikacja internetowa CupCakeCats jest przeznaczona dla ka\u017cdego, kto lubi piec z dzie\u0107mi:<\/p><ul><li>Dzieci w wieku ok. 5-6 lat, kt\u00f3re chc\u0105 zdoby\u0107 pierwsze do\u015bwiadczenie w kuchni<\/li><li>Rodzice i rodziny, kt\u00f3re chc\u0105 sp\u0119dzi\u0107 czas na wsp\u00f3lnym pieczeniu z dzie\u0107mi<\/li><li>Szko\u0142y i o\u015brodki opieki dziennej planuj\u0105ce projekty pieczenia, grupy robocze lub zaj\u0119cia popo\u0142udniowe<\/li><\/ul><p><br \/>Przepisy s\u0105 celowo proste i dostosowane do j\u0119zyka przyjaznego dzieciom. Koty AI wyja\u015bniaj\u0105 ka\u017cdy krok powoli i jasno, aby dzieci mog\u0142y same si\u0119 zaanga\u017cowa\u0107. Doro\u015bli pozostaj\u0105 odpowiedzialni, ale dzieci maj\u0105 poczucie: \u201eNaprawd\u0119 sam upiek\u0142em swoj\u0105 babeczk\u0119!\u201c.\u201c<\/p>\t\t\t\t\t\t\t\t<\/div>\n\t\t\t\t<div data-dce-background-color=\"#E6007E\" class=\"elementor-element elementor-element-955edff elementor-align-justify elementor-widget elementor-widget-button\" data-id=\"955edff\" data-element_type=\"widget\" data-e-type=\"widget\" data-widget_type=\"button.default\">\n\t\t\t\t\t\t\t\t\t\t<a class=\"elementor-button elementor-button-link elementor-size-sm\" href=\"https:\/\/cupcakecats.com\/pl\/\">\n\t\t\t\t\t\t<span class=\"elementor-button-content-wrapper\">\n\t\t\t\t\t\t<span class=\"elementor-button-icon\">\n\t\t\t\t<svg aria-hidden=\"true\" class=\"e-font-icon-svg e-fas-chevron-right\" viewbox=\"0 0 320 512\" xmlns=\"http:\/\/www.w3.org\/2000\/svg\"><path d=\"M285.476 272.971L91.132 467.314c-9.373 9.373-24.569 9.373-33.941 0l-22.667-22.667c-9.357-9.357-9.375-24.522-.04-33.901L188.505 256 34.484 101.255c-9.335-9.379-9.317-24.544.04-33.901l22.667-22.667c9.373-9.373 24.569-9.373 33.941 0L285.475 239.03c9.373 9.372 9.373 24.568.001 33.941z\"><\/path><\/svg>\t\t\t<\/span>\n\t\t\t\t\t\t\t\t\t<span class=\"elementor-button-text\">Do przepis\u00f3w<\/span>\n\t\t\t\t\t<\/span>\n\t\t\t\t\t<\/a>\n\t\t\t\t\t\t\t\t<\/div>\n\t\t\t\t<\/div>\n\t\t\t\t<\/div>\n\t\t\t\t<\/div>\n\t\t<div class=\"elementor-element elementor-element-110a00b e-con-full e-flex e-con e-parent\" data-id=\"110a00b\" data-element_type=\"container\" data-e-type=\"container\" data-settings=\"{&quot;background_background&quot;:&quot;classic&quot;}\">\n\t\t<div class=\"elementor-element elementor-element-84e8c6d e-con-full e-flex e-con e-child\" data-id=\"84e8c6d\" data-element_type=\"container\" data-e-type=\"container\" data-settings=\"{&quot;background_background&quot;:&quot;classic&quot;}\">\n\t\t<div class=\"elementor-element elementor-element-5b8bb49 e-con-full e-flex e-con e-child\" data-id=\"5b8bb49\" data-element_type=\"container\" data-e-type=\"container\">\n\t\t\t\t<div class=\"elementor-element elementor-element-72bcb75 elementor-widget elementor-widget-heading\" data-id=\"72bcb75\" data-element_type=\"widget\" data-e-type=\"widget\" data-widget_type=\"heading.default\">\n\t\t\t\t\t<h2 class=\"elementor-heading-title elementor-size-default\">Wi\u0119cej ni\u017c tylko s\u0142odycze: nauka podczas pieczenia z dzie\u0107mi<\/h2>\t\t\t\t<\/div>\n\t\t\t\t<div data-dce-text-color=\"#000000\" class=\"elementor-element elementor-element-924e657 elementor-widget__width-inherit elementor-widget elementor-widget-text-editor\" data-id=\"924e657\" data-element_type=\"widget\" data-e-type=\"widget\" data-widget_type=\"text-editor.default\">\n\t\t\t\t\t\t\t\t\t<p>Pieczenie z dzie\u0107mi to znacznie wi\u0119cej ni\u017c tylko zabawne hobby. Przepisy na babeczki dla dzieci ucz\u0105 je przy okazji wa\u017cnych umiej\u0119tno\u015bci:<\/p><ul><li>Umiej\u0119tno\u015bci motoryczne: mieszanie, ugniatanie, posypywanie i dekorowanie \u0107wiczy umiej\u0119tno\u015bci motoryczne i koordynacj\u0119 r\u0119ka-oko.<\/li><li>Matematyka i ilo\u015bci: Wa\u017cenie sk\u0142adnik\u00f3w, liczenie porcji i odczytywanie czasu pieczenia - matematyki mo\u017cna do\u015bwiadczy\u0107 w bardzo praktyczny spos\u00f3b.<\/li><li>J\u0119zyk i rozumienie: Czytaj\u0105c przepisy na g\u0142os, dzieci poszerzaj\u0105 swoje s\u0142ownictwo i ucz\u0105 si\u0119 rozumie\u0107 instrukcje krok po kroku.<\/li><li>Niezale\u017cno\u015b\u0107 i duma: Kiedy przepis na zabaw\u0119 dziecka si\u0119 powiedzie, zwi\u0119ksza to pewno\u015b\u0107 siebie - \u201eZrobi\u0142em to!\u201c.<\/li><\/ul><p><br \/>Instrukcje krok po kroku s\u0105 r\u00f3wnie\u017c idealne dla dzieci, kt\u00f3re \u0142atwo si\u0119 denerwuj\u0105. CupCakeCats prowadzi przez ka\u017cdy etap pieczenia w spokojnym tempie, dzi\u0119ki czemu nikt nie przeoczy niczego wa\u017cnego. Dzi\u0119ki temu pieczenie z dzie\u0107mi jest relaksuj\u0105ce, zabawne i stanowi wsp\u00f3lne do\u015bwiadczenie, kt\u00f3re wszyscy b\u0119d\u0105 mi\u0142o wspomina\u0107.<\/p>\t\t\t\t\t\t\t\t<\/div>\n\t\t\t\t<div data-dce-background-color=\"#E6007E\" class=\"elementor-element elementor-element-3548b36 elementor-align-justify elementor-widget elementor-widget-button\" data-id=\"3548b36\" data-element_type=\"widget\" data-e-type=\"widget\" data-widget_type=\"button.default\">\n\t\t\t\t\t\t\t\t\t\t<a class=\"elementor-button elementor-button-link elementor-size-sm\" href=\"https:\/\/cupcakecats.com\/pl\/\">\n\t\t\t\t\t\t<span class=\"elementor-button-content-wrapper\">\n\t\t\t\t\t\t<span class=\"elementor-button-icon\">\n\t\t\t\t<svg aria-hidden=\"true\" class=\"e-font-icon-svg e-fas-chevron-right\" viewbox=\"0 0 320 512\" xmlns=\"http:\/\/www.w3.org\/2000\/svg\"><path d=\"M285.476 272.971L91.132 467.314c-9.373 9.373-24.569 9.373-33.941 0l-22.667-22.667c-9.357-9.357-9.375-24.522-.04-33.901L188.505 256 34.484 101.255c-9.335-9.379-9.317-24.544.04-33.901l22.667-22.667c9.373-9.373 24.569-9.373 33.941 0L285.475 239.03c9.373 9.372 9.373 24.568.001 33.941z\"><\/path><\/svg>\t\t\t<\/span>\n\t\t\t\t\t\t\t\t\t<span class=\"elementor-button-text\">Do przepis\u00f3w<\/span>\n\t\t\t\t\t<\/span>\n\t\t\t\t\t<\/a>\n\t\t\t\t\t\t\t\t<\/div>\n\t\t\t\t<\/div>\n\t\t\t\t<\/div>\n\t\t\t\t<\/div>\n\t\t\t\t<\/div>","protected":false},"excerpt":{"rendered":"<p>CupCakeCats: Schritt f\u00fcr Schritt und kinderleicht Backen mit Kindern Wie die CupCakeCats Kindern das Backen Schritt f\u00fcr Schritt beibringen Mit den CupCakeCats wird Backen mit Kindern kinderleicht. In der Webapp f\u00fchren niedliche KI-Katzen Kinder Schritt f\u00fcr Schritt durch das Rezept \u2013 vom Abwiegen der Zutaten bis zum fertig dekorierten Cupcake. Jeder Schritt wird langsam vorgelesen [&hellip;]<\/p>\n","protected":false},"author":2,"featured_media":2886,"parent":0,"menu_order":0,"comment_status":"closed","ping_status":"closed","template":"elementor_canvas","meta":{"_acf_changed":false,"footnotes":""},"class_list":["post-37","page","type-page","status-publish","has-post-thumbnail","hentry"],"acf":[],"_links":{"self":[{"href":"https:\/\/cupcakecats.com\/pl\/wp-json\/wp\/v2\/pages\/37","targetHints":{"allow":["GET"]}}],"collection":[{"href":"https:\/\/cupcakecats.com\/pl\/wp-json\/wp\/v2\/pages"}],"about":[{"href":"https:\/\/cupcakecats.com\/pl\/wp-json\/wp\/v2\/types\/page"}],"author":[{"embeddable":true,"href":"https:\/\/cupcakecats.com\/pl\/wp-json\/wp\/v2\/users\/2"}],"replies":[{"embeddable":true,"href":"https:\/\/cupcakecats.com\/pl\/wp-json\/wp\/v2\/comments?post=37"}],"version-history":[{"count":31,"href":"https:\/\/cupcakecats.com\/pl\/wp-json\/wp\/v2\/pages\/37\/revisions"}],"predecessor-version":[{"id":3263,"href":"https:\/\/cupcakecats.com\/pl\/wp-json\/wp\/v2\/pages\/37\/revisions\/3263"}],"wp:featuredmedia":[{"embeddable":true,"href":"https:\/\/cupcakecats.com\/pl\/wp-json\/wp\/v2\/media\/2886"}],"wp:attachment":[{"href":"https:\/\/cupcakecats.com\/pl\/wp-json\/wp\/v2\/media?parent=37"}],"curies":[{"name":"wp","href":"https:\/\/api.w.org\/{rel}","templated":true}]}}