{"id":1142,"date":"2025-10-16T16:24:26","date_gmt":"2025-10-16T14:24:26","guid":{"rendered":"https:\/\/cupcakecats.com\/?page_id=1142"},"modified":"2026-03-13T14:36:33","modified_gmt":"2026-03-13T13:36:33","slug":"impressum","status":"publish","type":"page","link":"https:\/\/cupcakecats.com\/pl\/impressum\/","title":{"rendered":"Nadruk"},"content":{"rendered":"<div data-elementor-type=\"wp-page\" data-elementor-id=\"1142\" class=\"elementor elementor-1142\" data-elementor-post-type=\"page\">\n\t\t\t\t<div class=\"elementor-element elementor-element-f106289 e-flex e-con-boxed e-con e-parent\" data-id=\"f106289\" data-element_type=\"container\" data-e-type=\"container\" data-settings=\"{&quot;background_background&quot;:&quot;classic&quot;}\">\n\t\t\t\t\t<div class=\"e-con-inner\">\n\t\t<div class=\"elementor-element elementor-element-18e6df3 e-con-full e-flex e-con e-child\" data-id=\"18e6df3\" data-element_type=\"container\" data-e-type=\"container\" data-settings=\"{&quot;background_background&quot;:&quot;classic&quot;}\">\n\t\t\t\t<div class=\"elementor-element elementor-element-354ea54 impressum elementor-widget elementor-widget-text-editor\" data-id=\"354ea54\" data-element_type=\"widget\" data-e-type=\"widget\" data-widget_type=\"text-editor.default\">\n\t\t\t\t\t\t\t\t\t<h1>Nadruk<\/h1><h2>Blue Ocean Entertainment AG<\/h2>\t\t\t\t\t\t\t\t<\/div>\n\t\t\t\t<div class=\"elementor-element elementor-element-ebb0af4 impressum elementor-widget elementor-widget-text-editor\" data-id=\"ebb0af4\" data-element_type=\"widget\" data-e-type=\"widget\" data-widget_type=\"text-editor.default\">\n\t\t\t\t\t\t\t\t\t<p>Seidenstra\u00dfe 19<br \/>70174 Stuttgart<\/p><p>Telefon: +49 711 \/ 22 02 99 - 0<br \/>Faks: +49 711 \/ 22 02 99 - 19<br \/>Internet: <a href=\"https:\/\/cupcakecats.com\/pl\/\">https:\/\/www.cupcakecats.com<\/a><\/p><p>Zarz\u0105d: Katrin Krau\u00df, Max M\u00fcller<br \/>Przewodnicz\u0105ca rady nadzorczej: Elisabeth Varn<\/p><p>Rejestr handlowy: HRB 720134 Stuttgart<br \/>Numer VAT: DE244638211<br \/>Nr podatkowy: 99122\/12710<\/p>\t\t\t\t\t\t\t\t<\/div>\n\t\t\t\t<div class=\"elementor-element elementor-element-6c5ca04 impressum elementor-widget elementor-widget-text-editor\" data-id=\"6c5ca04\" data-element_type=\"widget\" data-e-type=\"widget\" data-widget_type=\"text-editor.default\">\n\t\t\t\t\t\t\t\t\t<p><strong>Odpowiedzialny zgodnie z \u00a7 18 Abs.2 Medienstaatsvertrag<br \/><\/strong>Sandra Peter, adres patrz wy\u017cej.<\/p><p><strong>Skontaktuj si\u0119 z nami<br \/><\/strong>Zapraszamy do kontaktu za po\u015brednictwem naszego formularza kontaktowego: <a href=\"https:\/\/www.blue-ocean.de\/leserservice\" target=\"_blank\" rel=\"noopener\">https:\/\/www.blue-ocean.de\/leserservice<\/a><\/p><p><strong>Dystrybucja i sprzeda\u017c detaliczna:<br \/><\/strong>MZV GmbH &amp; Co. KG, Ohmstra\u00dfe 1, 85716 Unterschlei\u00dfheim<br \/>Telefon: +49 89 \/ 31 90 6-0, Faks: +49 89 \/ 31 90 6-113, www.mzv.de<\/p><p>Copyright \u00a9 2026<\/p><p><b>Ilustracje: <\/b>Comicon S.L. (CupCakeCats); AdobeStock_3d_kot_140185590_EL (Sprinkles)<\/p><p><b>Tre\u015bci generowane przez sztuczn\u0105 inteligencj\u0119: <\/b>Niekt\u00f3re tre\u015bci na tej stronie zosta\u0142y stworzone przy pomocy sztucznej inteligencji. Przyczynili si\u0119 do tego nast\u0119puj\u0105cy pracownicy:<\/p><ul><li><p>Zawarto\u015b\u0107 obrazu: Stworzone przez Simona Bauma i Lar\u0119 Katharin\u0119 Promies z pomoc\u0105 sztucznej inteligencji (FLUX AI).<\/p><\/li><li><p>Zawarto\u015b\u0107 audio: Stworzone przez Constancia Oertel i Lara Katharina Promies z pomoc\u0105 AI (ElevenLabs).<\/p><\/li><\/ul><p><strong><br \/>Zastrze\u017cenie: <\/strong>Wszystkie informacje na naszej stronie internetowej zosta\u0142y dok\u0142adnie sprawdzone. Staramy si\u0119 stale poszerza\u0107 i aktualizowa\u0107 te informacje. Nie mo\u017cemy jednak zagwarantowa\u0107, \u017ce s\u0105 one kompletne, poprawne i aktualne. Wszystkie elementy tej witryny s\u0105 chronione prawami autorskimi wy\u017cej wymienionego wydawcy i wymagaj\u0105 wyra\u017anej pisemnej zgody wydawcy na powielanie, wykorzystywanie, drukowanie lub inne wykorzystywanie prezentowanych informacji lub poszczeg\u00f3lnych element\u00f3w.<\/p><p><strong>Nota prawna: <\/strong>W wyroku z dnia 12 maja 1998 r. S\u0105d Okr\u0119gowy w Hamburgu orzek\u0142, \u017ce umieszczenie linku mo\u017ce poci\u0105ga\u0107 za sob\u0105 wsp\u00f3\u0142odpowiedzialno\u015b\u0107 za tre\u015b\u0107 strony, do kt\u00f3rej prowadzi link. Wed\u0142ug s\u0105du mo\u017cna temu zapobiec jedynie poprzez wyra\u017ane zdystansowanie si\u0119 od tre\u015bci. Wy\u017cej wymieniony wydawca oferuje linki do innych stron w Internecie na swojej stronie g\u0142\u00f3wnej.<\/p><p><strong>Poni\u017csze zasady dotycz\u0105 wszystkich link\u00f3w: <\/strong>Wydawca i webmaster podkre\u015blaj\u0105, \u017ce nie maj\u0105 \u017cadnego wp\u0142ywu na wygl\u0105d i tre\u015b\u0107 stron, do kt\u00f3rych prowadz\u0105 linki. W zwi\u0105zku z tym wyra\u017anie dystansuj\u0105 si\u0119 od tre\u015bci stron, do kt\u00f3rych prowadz\u0105 linki, w tym wszystkich podstron i link\u00f3w dost\u0119pnych w Internecie. O\u015bwiadczenie to odnosi si\u0119 do wszystkich link\u00f3w na tej stronie g\u0142\u00f3wnej oraz do ca\u0142ej zawarto\u015bci stron, do kt\u00f3rych prowadz\u0105 linki z tych stron.<\/p>\t\t\t\t\t\t\t\t<\/div>\n\t\t\t\t<\/div>\n\t\t\t\t\t<\/div>\n\t\t\t\t<\/div>\n\t\t\t\t<\/div>","protected":false},"excerpt":{"rendered":"<p>Impressum Blue Ocean Entertainment AG Seidenstra\u00dfe 1970174 Stuttgart Telefon: +49 711 \/ 22 02 99 \u2013 0Fax: +49 711 \/ 22 02 99 \u2013 19Internet: https:\/\/www.cupcakecats.com Vorstand: Katrin Krau\u00df, Max M\u00fcllerAufsichtsratsvorsitzende: Elisabeth Varn Handelsregister: HRB 720134 StuttgartUSt-IdNr.: DE244638211Steuer-Nr.: 99122\/12710 Verantwortlich i.S.v. \u00a7 18 Abs.2 MedienstaatsvertragSandra Peter, Anschrift siehe oben. KontaktGerne kannst du uns \u00fcber unser [&hellip;]<\/p>\n","protected":false},"author":2,"featured_media":19,"parent":0,"menu_order":0,"comment_status":"closed","ping_status":"closed","template":"","meta":{"_acf_changed":false,"footnotes":""},"class_list":["post-1142","page","type-page","status-publish","has-post-thumbnail","hentry"],"acf":[],"_links":{"self":[{"href":"https:\/\/cupcakecats.com\/pl\/wp-json\/wp\/v2\/pages\/1142","targetHints":{"allow":["GET"]}}],"collection":[{"href":"https:\/\/cupcakecats.com\/pl\/wp-json\/wp\/v2\/pages"}],"about":[{"href":"https:\/\/cupcakecats.com\/pl\/wp-json\/wp\/v2\/types\/page"}],"author":[{"embeddable":true,"href":"https:\/\/cupcakecats.com\/pl\/wp-json\/wp\/v2\/users\/2"}],"replies":[{"embeddable":true,"href":"https:\/\/cupcakecats.com\/pl\/wp-json\/wp\/v2\/comments?post=1142"}],"version-history":[{"count":89,"href":"https:\/\/cupcakecats.com\/pl\/wp-json\/wp\/v2\/pages\/1142\/revisions"}],"predecessor-version":[{"id":3269,"href":"https:\/\/cupcakecats.com\/pl\/wp-json\/wp\/v2\/pages\/1142\/revisions\/3269"}],"wp:featuredmedia":[{"embeddable":true,"href":"https:\/\/cupcakecats.com\/pl\/wp-json\/wp\/v2\/media\/19"}],"wp:attachment":[{"href":"https:\/\/cupcakecats.com\/pl\/wp-json\/wp\/v2\/media?parent=1142"}],"curies":[{"name":"wp","href":"https:\/\/api.w.org\/{rel}","templated":true}]}}