{"id":37,"date":"2026-01-23T12:19:48","date_gmt":"2026-01-23T11:19:48","guid":{"rendered":"https:\/\/cupcakecats.com\/?page_id=37"},"modified":"2026-03-13T14:35:56","modified_gmt":"2026-03-13T13:35:56","slug":"backen-mit-kindern","status":"publish","type":"page","link":"https:\/\/cupcakecats.com\/it\/backen-mit-kindern\/","title":{"rendered":"Cucinare con i bambini - CupCakeCats"},"content":{"rendered":"<div data-elementor-type=\"wp-page\" data-elementor-id=\"37\" class=\"elementor elementor-37\" data-elementor-post-type=\"page\">\n\t\t\t\t<div class=\"elementor-element elementor-element-b53e883 e-con-full e-flex e-con e-parent\" data-id=\"b53e883\" data-element_type=\"container\" data-e-type=\"container\" data-settings=\"{&quot;background_background&quot;:&quot;classic&quot;}\">\n\t\t<div class=\"elementor-element elementor-element-8ce5529 e-con-full e-flex e-con e-child\" data-id=\"8ce5529\" data-element_type=\"container\" data-e-type=\"container\" data-settings=\"{&quot;background_background&quot;:&quot;classic&quot;}\">\n\t\t<div class=\"elementor-element elementor-element-9cde414 e-con-full e-flex e-con e-child\" data-id=\"9cde414\" data-element_type=\"container\" data-e-type=\"container\">\n\t\t\t\t<div class=\"elementor-element elementor-element-d577788 dce_masking-none elementor-widget elementor-widget-image\" data-id=\"d577788\" data-element_type=\"widget\" data-e-type=\"widget\" data-widget_type=\"image.default\">\n\t\t\t\t\t\t\t\t\t\t\t\t\t\t\t<img fetchpriority=\"high\" decoding=\"async\" width=\"800\" height=\"532\" src=\"https:\/\/cupcakecats.com\/wp-content\/uploads\/2025\/10\/CupCakeCats-Rezepte.png\" class=\"attachment-large size-large wp-image-2886\" alt=\"Cupcake-Rezepte f\u00fcr Kinder, CupCakeCats\" srcset=\"https:\/\/cupcakecats.com\/wp-content\/uploads\/2025\/10\/CupCakeCats-Rezepte.png 943w, https:\/\/cupcakecats.com\/wp-content\/uploads\/2025\/10\/CupCakeCats-Rezepte-300x199.png 300w, https:\/\/cupcakecats.com\/wp-content\/uploads\/2025\/10\/CupCakeCats-Rezepte-768x511.png 768w, https:\/\/cupcakecats.com\/wp-content\/uploads\/2025\/10\/CupCakeCats-Rezepte-18x12.png 18w\" sizes=\"(max-width: 800px) 100vw, 800px\" \/>\t\t\t\t\t\t\t\t\t\t\t\t\t\t\t<\/div>\n\t\t\t\t<div class=\"elementor-element elementor-element-febf07d elementor-widget elementor-widget-heading\" data-id=\"febf07d\" data-element_type=\"widget\" data-e-type=\"widget\" data-widget_type=\"heading.default\">\n\t\t\t\t\t<h2 class=\"elementor-heading-title elementor-size-default\">CupCakeCats: passo dopo passo e gioco da ragazzi<\/h2>\t\t\t\t<\/div>\n\t\t\t\t<div class=\"elementor-element elementor-element-58ba6a7 elementor-widget elementor-widget-heading\" data-id=\"58ba6a7\" data-element_type=\"widget\" data-e-type=\"widget\" data-widget_type=\"heading.default\">\n\t\t\t\t\t<h1 class=\"elementor-heading-title elementor-size-default\">Cucinare con i bambini<\/h1>\t\t\t\t<\/div>\n\t\t\t\t<\/div>\n\t\t\t\t<\/div>\n\t\t\t\t<\/div>\n\t\t<div class=\"elementor-element elementor-element-351a506 e-con-full e-flex e-con e-parent\" data-id=\"351a506\" data-element_type=\"container\" data-e-type=\"container\" data-settings=\"{&quot;background_background&quot;:&quot;classic&quot;}\">\n\t\t<div class=\"elementor-element elementor-element-432ac0b e-con-full e-flex e-con e-child\" data-id=\"432ac0b\" data-element_type=\"container\" data-e-type=\"container\" data-settings=\"{&quot;background_background&quot;:&quot;classic&quot;}\">\n\t\t<div class=\"elementor-element elementor-element-108a98c e-con-full e-flex e-con e-child\" data-id=\"108a98c\" data-element_type=\"container\" data-e-type=\"container\">\n\t\t\t\t<div class=\"elementor-element elementor-element-3836e8d elementor-widget elementor-widget-heading\" data-id=\"3836e8d\" data-element_type=\"widget\" data-e-type=\"widget\" data-widget_type=\"heading.default\">\n\t\t\t\t\t<h2 class=\"elementor-heading-title elementor-size-default\">Come l'CupCakeCats insegna ai bambini a cucinare passo dopo passo<\/h2>\t\t\t\t<\/div>\n\t\t\t\t<div data-dce-text-color=\"#000000\" class=\"elementor-element elementor-element-33d8e5f elementor-widget__width-inherit elementor-widget elementor-widget-text-editor\" data-id=\"33d8e5f\" data-element_type=\"widget\" data-e-type=\"widget\" data-widget_type=\"text-editor.default\">\n\t\t\t\t\t\t\t\t\tCucinare con i bambini \u00e8 un gioco da ragazzi con l'CupCakeCats. Nella web app, simpatici gatti AI guidano i bambini passo dopo passo attraverso la ricetta, dalla pesatura degli ingredienti al cupcake finito e decorato.\nOgni fase viene letta lentamente e visualizzata in modo chiaro. Pulsanti grandi, simboli chiari e una voce amichevole aiutano i bambini a preparare le ricette di cupcake per bambini in modo indipendente. In questo modo, anche i piccoli pasticceri inesperti possono padroneggiare le loro ricette a misura di bambino senza che gli adulti debbano spiegare ogni passaggio.\t\t\t\t\t\t\t\t<\/div>\n\t\t\t\t<div data-dce-background-color=\"#E6007E\" class=\"elementor-element elementor-element-5705b20 elementor-align-justify elementor-widget elementor-widget-button\" data-id=\"5705b20\" data-element_type=\"widget\" data-e-type=\"widget\" data-widget_type=\"button.default\">\n\t\t\t\t\t\t\t\t\t\t<a class=\"elementor-button elementor-button-link elementor-size-sm\" href=\"https:\/\/cupcakecats.com\/it\/\">\n\t\t\t\t\t\t<span class=\"elementor-button-content-wrapper\">\n\t\t\t\t\t\t<span class=\"elementor-button-icon\">\n\t\t\t\t<svg aria-hidden=\"true\" class=\"e-font-icon-svg e-fas-chevron-right\" viewbox=\"0 0 320 512\" xmlns=\"http:\/\/www.w3.org\/2000\/svg\"><path d=\"M285.476 272.971L91.132 467.314c-9.373 9.373-24.569 9.373-33.941 0l-22.667-22.667c-9.357-9.357-9.375-24.522-.04-33.901L188.505 256 34.484 101.255c-9.335-9.379-9.317-24.544.04-33.901l22.667-22.667c9.373-9.373 24.569-9.373 33.941 0L285.475 239.03c9.373 9.372 9.373 24.568.001 33.941z\"><\/path><\/svg>\t\t\t<\/span>\n\t\t\t\t\t\t\t\t\t<span class=\"elementor-button-text\">Alle ricette<\/span>\n\t\t\t\t\t<\/span>\n\t\t\t\t\t<\/a>\n\t\t\t\t\t\t\t\t<\/div>\n\t\t\t\t<\/div>\n\t\t\t\t<\/div>\n\t\t\t\t<\/div>\n\t\t<div class=\"elementor-element elementor-element-4c9c29b e-con-full e-flex e-con e-parent\" data-id=\"4c9c29b\" data-element_type=\"container\" data-e-type=\"container\" data-settings=\"{&quot;background_background&quot;:&quot;classic&quot;}\">\n\t\t<div class=\"elementor-element elementor-element-c86fcc2 e-con-full e-flex e-con e-child\" data-id=\"c86fcc2\" data-element_type=\"container\" data-e-type=\"container\" data-settings=\"{&quot;background_background&quot;:&quot;classic&quot;}\">\n\t\t<div class=\"elementor-element elementor-element-e75e78c e-con-full e-flex e-con e-child\" data-id=\"e75e78c\" data-element_type=\"container\" data-e-type=\"container\">\n\t\t\t\t<div class=\"elementor-element elementor-element-3ab3de2 elementor-widget elementor-widget-heading\" data-id=\"3ab3de2\" data-element_type=\"widget\" data-e-type=\"widget\" data-widget_type=\"heading.default\">\n\t\t\t\t\t<h2 class=\"elementor-heading-title elementor-size-default\">Per i bambini, i genitori e tutti coloro che vogliono cucinare con i bambini<\/h2>\t\t\t\t<\/div>\n\t\t\t\t<div data-dce-text-color=\"#000000\" class=\"elementor-element elementor-element-8fc594a elementor-widget__width-inherit elementor-widget elementor-widget-text-editor\" data-id=\"8fc594a\" data-element_type=\"widget\" data-e-type=\"widget\" data-widget_type=\"text-editor.default\">\n\t\t\t\t\t\t\t\t\t<p>L'applicazione web CupCakeCats \u00e8 rivolta a tutti coloro che amano cucinare con i bambini:<\/p><ul><li>Bambini di circa 5-6 anni che vogliono fare la loro prima esperienza in cucina<\/li><li>Genitori e famiglie che desiderano passare del tempo a cucinare insieme ai bambini<\/li><li>Scuole e centri diurni che pianificano progetti di panificazione, gruppi di lavoro o attivit\u00e0 pomeridiane<\/li><\/ul><p><br \/>Le ricette sono volutamente semplici e adattate a un linguaggio adatto ai bambini. I gatti dell'IA spiegano ogni fase in modo lento e chiaro, in modo che i bambini possano essere coinvolti in prima persona. Gli adulti rimangono responsabili, ma i bambini hanno la sensazione: \u201eHo davvero preparato il mio cupcake da solo!\u201c.\u201c<\/p>\t\t\t\t\t\t\t\t<\/div>\n\t\t\t\t<div data-dce-background-color=\"#E6007E\" class=\"elementor-element elementor-element-955edff elementor-align-justify elementor-widget elementor-widget-button\" data-id=\"955edff\" data-element_type=\"widget\" data-e-type=\"widget\" data-widget_type=\"button.default\">\n\t\t\t\t\t\t\t\t\t\t<a class=\"elementor-button elementor-button-link elementor-size-sm\" href=\"https:\/\/cupcakecats.com\/it\/\">\n\t\t\t\t\t\t<span class=\"elementor-button-content-wrapper\">\n\t\t\t\t\t\t<span class=\"elementor-button-icon\">\n\t\t\t\t<svg aria-hidden=\"true\" class=\"e-font-icon-svg e-fas-chevron-right\" viewbox=\"0 0 320 512\" xmlns=\"http:\/\/www.w3.org\/2000\/svg\"><path d=\"M285.476 272.971L91.132 467.314c-9.373 9.373-24.569 9.373-33.941 0l-22.667-22.667c-9.357-9.357-9.375-24.522-.04-33.901L188.505 256 34.484 101.255c-9.335-9.379-9.317-24.544.04-33.901l22.667-22.667c9.373-9.373 24.569-9.373 33.941 0L285.475 239.03c9.373 9.372 9.373 24.568.001 33.941z\"><\/path><\/svg>\t\t\t<\/span>\n\t\t\t\t\t\t\t\t\t<span class=\"elementor-button-text\">Alle ricette<\/span>\n\t\t\t\t\t<\/span>\n\t\t\t\t\t<\/a>\n\t\t\t\t\t\t\t\t<\/div>\n\t\t\t\t<\/div>\n\t\t\t\t<\/div>\n\t\t\t\t<\/div>\n\t\t<div class=\"elementor-element elementor-element-110a00b e-con-full e-flex e-con e-parent\" data-id=\"110a00b\" data-element_type=\"container\" data-e-type=\"container\" data-settings=\"{&quot;background_background&quot;:&quot;classic&quot;}\">\n\t\t<div class=\"elementor-element elementor-element-84e8c6d e-con-full e-flex e-con e-child\" data-id=\"84e8c6d\" data-element_type=\"container\" data-e-type=\"container\" data-settings=\"{&quot;background_background&quot;:&quot;classic&quot;}\">\n\t\t<div class=\"elementor-element elementor-element-5b8bb49 e-con-full e-flex e-con e-child\" data-id=\"5b8bb49\" data-element_type=\"container\" data-e-type=\"container\">\n\t\t\t\t<div class=\"elementor-element elementor-element-72bcb75 elementor-widget elementor-widget-heading\" data-id=\"72bcb75\" data-element_type=\"widget\" data-e-type=\"widget\" data-widget_type=\"heading.default\">\n\t\t\t\t\t<h2 class=\"elementor-heading-title elementor-size-default\">Non solo dolci: imparare cucinando con i bambini<\/h2>\t\t\t\t<\/div>\n\t\t\t\t<div data-dce-text-color=\"#000000\" class=\"elementor-element elementor-element-924e657 elementor-widget__width-inherit elementor-widget elementor-widget-text-editor\" data-id=\"924e657\" data-element_type=\"widget\" data-e-type=\"widget\" data-widget_type=\"text-editor.default\">\n\t\t\t\t\t\t\t\t\t<p>Cucinare con i bambini \u00e8 molto pi\u00f9 di un semplice passatempo divertente. Le ricette di cupcake per bambini insegnano ai bambini importanti abilit\u00e0 lungo il percorso:<\/p><ul><li>Abilit\u00e0 motorie: mescolare, impastare, cospargere e decorare allena la motricit\u00e0 fine e la coordinazione occhio-mano.<\/li><li>Matematica e quantit\u00e0: Pesare gli ingredienti, contare le porzioni e leggere i tempi di cottura: la matematica pu\u00f2 essere sperimentata in modo molto pratico.<\/li><li>Linguaggio e comprensione: leggendo le ricette ad alta voce, i bambini ampliano il loro vocabolario e imparano a comprendere le istruzioni passo dopo passo.<\/li><li>Indipendenza e orgoglio: quando la ricetta di gioco di un bambino ha successo, aumenta la fiducia in se stesso - \u201eCe l'ho fatta!\u201c.<\/li><\/ul><p><br \/>Le istruzioni passo-passo sono ideali anche per i bambini che si lasciano sopraffare facilmente. L'CupCakeCats vi guida in ogni fase della cottura con calma, in modo che non vi sfugga nulla di importante. In questo modo la preparazione dei dolci con i bambini \u00e8 rilassata, divertente e un'esperienza condivisa che tutti ricorderanno con affetto.<\/p>\t\t\t\t\t\t\t\t<\/div>\n\t\t\t\t<div data-dce-background-color=\"#E6007E\" class=\"elementor-element elementor-element-3548b36 elementor-align-justify elementor-widget elementor-widget-button\" data-id=\"3548b36\" data-element_type=\"widget\" data-e-type=\"widget\" data-widget_type=\"button.default\">\n\t\t\t\t\t\t\t\t\t\t<a class=\"elementor-button elementor-button-link elementor-size-sm\" href=\"https:\/\/cupcakecats.com\/it\/\">\n\t\t\t\t\t\t<span class=\"elementor-button-content-wrapper\">\n\t\t\t\t\t\t<span class=\"elementor-button-icon\">\n\t\t\t\t<svg aria-hidden=\"true\" class=\"e-font-icon-svg e-fas-chevron-right\" viewbox=\"0 0 320 512\" xmlns=\"http:\/\/www.w3.org\/2000\/svg\"><path d=\"M285.476 272.971L91.132 467.314c-9.373 9.373-24.569 9.373-33.941 0l-22.667-22.667c-9.357-9.357-9.375-24.522-.04-33.901L188.505 256 34.484 101.255c-9.335-9.379-9.317-24.544.04-33.901l22.667-22.667c9.373-9.373 24.569-9.373 33.941 0L285.475 239.03c9.373 9.372 9.373 24.568.001 33.941z\"><\/path><\/svg>\t\t\t<\/span>\n\t\t\t\t\t\t\t\t\t<span class=\"elementor-button-text\">Alle ricette<\/span>\n\t\t\t\t\t<\/span>\n\t\t\t\t\t<\/a>\n\t\t\t\t\t\t\t\t<\/div>\n\t\t\t\t<\/div>\n\t\t\t\t<\/div>\n\t\t\t\t<\/div>\n\t\t\t\t<\/div>","protected":false},"excerpt":{"rendered":"<p>CupCakeCats: Schritt f\u00fcr Schritt und kinderleicht Backen mit Kindern Wie die CupCakeCats Kindern das Backen Schritt f\u00fcr Schritt beibringen Mit den CupCakeCats wird Backen mit Kindern kinderleicht. In der Webapp f\u00fchren niedliche KI-Katzen Kinder Schritt f\u00fcr Schritt durch das Rezept \u2013 vom Abwiegen der Zutaten bis zum fertig dekorierten Cupcake. Jeder Schritt wird langsam vorgelesen [&hellip;]<\/p>\n","protected":false},"author":2,"featured_media":2886,"parent":0,"menu_order":0,"comment_status":"closed","ping_status":"closed","template":"elementor_canvas","meta":{"_acf_changed":false,"footnotes":""},"class_list":["post-37","page","type-page","status-publish","has-post-thumbnail","hentry"],"acf":[],"_links":{"self":[{"href":"https:\/\/cupcakecats.com\/it\/wp-json\/wp\/v2\/pages\/37","targetHints":{"allow":["GET"]}}],"collection":[{"href":"https:\/\/cupcakecats.com\/it\/wp-json\/wp\/v2\/pages"}],"about":[{"href":"https:\/\/cupcakecats.com\/it\/wp-json\/wp\/v2\/types\/page"}],"author":[{"embeddable":true,"href":"https:\/\/cupcakecats.com\/it\/wp-json\/wp\/v2\/users\/2"}],"replies":[{"embeddable":true,"href":"https:\/\/cupcakecats.com\/it\/wp-json\/wp\/v2\/comments?post=37"}],"version-history":[{"count":31,"href":"https:\/\/cupcakecats.com\/it\/wp-json\/wp\/v2\/pages\/37\/revisions"}],"predecessor-version":[{"id":3263,"href":"https:\/\/cupcakecats.com\/it\/wp-json\/wp\/v2\/pages\/37\/revisions\/3263"}],"wp:featuredmedia":[{"embeddable":true,"href":"https:\/\/cupcakecats.com\/it\/wp-json\/wp\/v2\/media\/2886"}],"wp:attachment":[{"href":"https:\/\/cupcakecats.com\/it\/wp-json\/wp\/v2\/media?parent=37"}],"curies":[{"name":"wp","href":"https:\/\/api.w.org\/{rel}","templated":true}]}}