{"id":1142,"date":"2025-10-16T16:24:26","date_gmt":"2025-10-16T14:24:26","guid":{"rendered":"https:\/\/cupcakecats.com\/?page_id=1142"},"modified":"2026-03-13T14:36:33","modified_gmt":"2026-03-13T13:36:33","slug":"impressum","status":"publish","type":"page","link":"https:\/\/cupcakecats.com\/it\/impressum\/","title":{"rendered":"Impronta"},"content":{"rendered":"<div data-elementor-type=\"wp-page\" data-elementor-id=\"1142\" class=\"elementor elementor-1142\" data-elementor-post-type=\"page\">\n\t\t\t\t<div class=\"elementor-element elementor-element-f106289 e-flex e-con-boxed e-con e-parent\" data-id=\"f106289\" data-element_type=\"container\" data-e-type=\"container\" data-settings=\"{&quot;background_background&quot;:&quot;classic&quot;}\">\n\t\t\t\t\t<div class=\"e-con-inner\">\n\t\t<div class=\"elementor-element elementor-element-18e6df3 e-con-full e-flex e-con e-child\" data-id=\"18e6df3\" data-element_type=\"container\" data-e-type=\"container\" data-settings=\"{&quot;background_background&quot;:&quot;classic&quot;}\">\n\t\t\t\t<div class=\"elementor-element elementor-element-354ea54 impressum elementor-widget elementor-widget-text-editor\" data-id=\"354ea54\" data-element_type=\"widget\" data-e-type=\"widget\" data-widget_type=\"text-editor.default\">\n\t\t\t\t\t\t\t\t\t<h1>Impronta<\/h1><h2>Blue Ocean Entertainment AG<\/h2>\t\t\t\t\t\t\t\t<\/div>\n\t\t\t\t<div class=\"elementor-element elementor-element-ebb0af4 impressum elementor-widget elementor-widget-text-editor\" data-id=\"ebb0af4\" data-element_type=\"widget\" data-e-type=\"widget\" data-widget_type=\"text-editor.default\">\n\t\t\t\t\t\t\t\t\t<p>Seidenstra\u00dfe 19<br \/>70174 Stoccarda<\/p><p>Telefono: +49 711 \/ 22 02 99 - 0<br \/>Fax: +49 711 \/ 22 02 99 - 19<br \/>Internet: <a href=\"https:\/\/cupcakecats.com\/it\/\">https:\/\/www.cupcakecats.com<\/a><\/p><p>Consiglio di amministrazione: Katrin Krau\u00df, Max M\u00fcller<br \/>Presidente del consiglio di sorveglianza: Elisabeth Varn<\/p><p>Registro commerciale: HRB 720134 Stoccarda<br \/>Partita IVA: DE244638211<br \/>Codice fiscale: 99122\/12710<\/p>\t\t\t\t\t\t\t\t<\/div>\n\t\t\t\t<div class=\"elementor-element elementor-element-6c5ca04 impressum elementor-widget elementor-widget-text-editor\" data-id=\"6c5ca04\" data-element_type=\"widget\" data-e-type=\"widget\" data-widget_type=\"text-editor.default\">\n\t\t\t\t\t\t\t\t\t<p><strong>Responsabile ai sensi del \u00a7 18 Abs.2 Medienstaatsvertrag<br \/><\/strong>Sandra Peter, indirizzo vedi sopra.<\/p><p><strong>Contattateci<br \/><\/strong>Siete invitati a contattarci tramite il nostro modulo di contatto: <a href=\"https:\/\/www.blue-ocean.de\/leserservice\" target=\"_blank\" rel=\"noopener\">https:\/\/www.blue-ocean.de\/leserservice<\/a><\/p><p><strong>Distribuzione e vendita al dettaglio:<br \/><\/strong>MZV GmbH &amp; Co. KG, Ohmstra\u00dfe 1, 85716 Unterschlei\u00dfheim<br \/>Telefono: +49 89 \/ 31 90 6-0, Fax: +49 89 \/ 31 90 6-113, www.mzv.de<\/p><p>Copyright \u00a9 2026<\/p><p><b>Illustrazioni: <\/b>Comicon S.L. (CupCakeCats); AdobeStock_3d_kot_140185590_EL (Sprinkles)<\/p><p><b>Contenuti generati dall'intelligenza artificiale: <\/b>Alcuni dei contenuti di questo sito web sono stati creati con l'aiuto dell'intelligenza artificiale. I seguenti dipendenti vi hanno contribuito:<\/p><ul><li><p>Contenuto dell'immagine: Creato da Simon Baum e Lara Katharina Promies con l'aiuto dell'AI (FLUX AI).<\/p><\/li><li><p>Contenuto audio: Creato da Constancia Oertel e Lara Katharina Promies con l'aiuto dell'AI (ElevenLabs).<\/p><\/li><\/ul><p><strong><br \/>Esclusione di responsabilit\u00e0: <\/strong>Tutte le informazioni presenti sul nostro sito web sono state accuratamente controllate. Ci sforziamo di ampliare e aggiornare costantemente queste informazioni. Tuttavia, non possiamo garantire che siano complete, corrette e aggiornate. Tutti gli elementi di questo sito sono protetti dal diritto d'autore dell'editore sopra citato e richiedono l'espressa autorizzazione scritta dell'editore per qualsiasi riproduzione, utilizzo, stampa o altro uso delle informazioni presentate o dei singoli elementi.<\/p><p><strong>Avviso legale: <\/strong>Nella sentenza del 12 maggio 1998, il Tribunale regionale di Amburgo ha stabilito che l'inserimento di un link pu\u00f2 comportare la corresponsabilit\u00e0 per il contenuto della pagina collegata. Secondo il tribunale, ci\u00f2 pu\u00f2 essere evitato solo prendendo espressamente le distanze dal contenuto. Il suddetto editore offre link ad altre pagine Internet sulla sua homepage.<\/p><p><strong>Quanto segue si applica a tutti i collegamenti: <\/strong>L'editore e il webmaster sottolineano di non avere alcuna influenza sulla struttura e sul contenuto delle pagine collegate. Pertanto prendono espressamente le distanze dai contenuti delle pagine collegate, comprese tutte le sottopagine e i link disponibili su Internet. Questa dichiarazione vale per tutti i link presenti su questa homepage e per tutti i contenuti delle pagine a cui rimandano i link di queste pagine web.<\/p>\t\t\t\t\t\t\t\t<\/div>\n\t\t\t\t<\/div>\n\t\t\t\t\t<\/div>\n\t\t\t\t<\/div>\n\t\t\t\t<\/div>","protected":false},"excerpt":{"rendered":"<p>Impressum Blue Ocean Entertainment AG Seidenstra\u00dfe 1970174 Stuttgart Telefon: +49 711 \/ 22 02 99 \u2013 0Fax: +49 711 \/ 22 02 99 \u2013 19Internet: https:\/\/www.cupcakecats.com Vorstand: Katrin Krau\u00df, Max M\u00fcllerAufsichtsratsvorsitzende: Elisabeth Varn Handelsregister: HRB 720134 StuttgartUSt-IdNr.: DE244638211Steuer-Nr.: 99122\/12710 Verantwortlich i.S.v. \u00a7 18 Abs.2 MedienstaatsvertragSandra Peter, Anschrift siehe oben. KontaktGerne kannst du uns \u00fcber unser [&hellip;]<\/p>\n","protected":false},"author":2,"featured_media":19,"parent":0,"menu_order":0,"comment_status":"closed","ping_status":"closed","template":"","meta":{"_acf_changed":false,"footnotes":""},"class_list":["post-1142","page","type-page","status-publish","has-post-thumbnail","hentry"],"acf":[],"_links":{"self":[{"href":"https:\/\/cupcakecats.com\/it\/wp-json\/wp\/v2\/pages\/1142","targetHints":{"allow":["GET"]}}],"collection":[{"href":"https:\/\/cupcakecats.com\/it\/wp-json\/wp\/v2\/pages"}],"about":[{"href":"https:\/\/cupcakecats.com\/it\/wp-json\/wp\/v2\/types\/page"}],"author":[{"embeddable":true,"href":"https:\/\/cupcakecats.com\/it\/wp-json\/wp\/v2\/users\/2"}],"replies":[{"embeddable":true,"href":"https:\/\/cupcakecats.com\/it\/wp-json\/wp\/v2\/comments?post=1142"}],"version-history":[{"count":89,"href":"https:\/\/cupcakecats.com\/it\/wp-json\/wp\/v2\/pages\/1142\/revisions"}],"predecessor-version":[{"id":3269,"href":"https:\/\/cupcakecats.com\/it\/wp-json\/wp\/v2\/pages\/1142\/revisions\/3269"}],"wp:featuredmedia":[{"embeddable":true,"href":"https:\/\/cupcakecats.com\/it\/wp-json\/wp\/v2\/media\/19"}],"wp:attachment":[{"href":"https:\/\/cupcakecats.com\/it\/wp-json\/wp\/v2\/media?parent=1142"}],"curies":[{"name":"wp","href":"https:\/\/api.w.org\/{rel}","templated":true}]}}