{"id":37,"date":"2026-01-23T12:19:48","date_gmt":"2026-01-23T11:19:48","guid":{"rendered":"https:\/\/cupcakecats.com\/?page_id=37"},"modified":"2026-03-13T14:35:56","modified_gmt":"2026-03-13T13:35:56","slug":"backen-mit-kindern","status":"publish","type":"page","link":"https:\/\/cupcakecats.com\/hu\/backen-mit-kindern\/","title":{"rendered":"S\u00fct\u00e9s gyerekekkel - CupCakeCats"},"content":{"rendered":"<div data-elementor-type=\"wp-page\" data-elementor-id=\"37\" class=\"elementor elementor-37\" data-elementor-post-type=\"page\">\n\t\t\t\t<div class=\"elementor-element elementor-element-b53e883 e-con-full e-flex e-con e-parent\" data-id=\"b53e883\" data-element_type=\"container\" data-e-type=\"container\" data-settings=\"{&quot;background_background&quot;:&quot;classic&quot;}\">\n\t\t<div class=\"elementor-element elementor-element-8ce5529 e-con-full e-flex e-con e-child\" data-id=\"8ce5529\" data-element_type=\"container\" data-e-type=\"container\" data-settings=\"{&quot;background_background&quot;:&quot;classic&quot;}\">\n\t\t<div class=\"elementor-element elementor-element-9cde414 e-con-full e-flex e-con e-child\" data-id=\"9cde414\" data-element_type=\"container\" data-e-type=\"container\">\n\t\t\t\t<div class=\"elementor-element elementor-element-d577788 dce_masking-none elementor-widget elementor-widget-image\" data-id=\"d577788\" data-element_type=\"widget\" data-e-type=\"widget\" data-widget_type=\"image.default\">\n\t\t\t\t\t\t\t\t\t\t\t\t\t\t\t<img fetchpriority=\"high\" decoding=\"async\" width=\"800\" height=\"532\" src=\"https:\/\/cupcakecats.com\/wp-content\/uploads\/2025\/10\/CupCakeCats-Rezepte.png\" class=\"attachment-large size-large wp-image-2886\" alt=\"Cupcake-Rezepte f\u00fcr Kinder, CupCakeCats\" srcset=\"https:\/\/cupcakecats.com\/wp-content\/uploads\/2025\/10\/CupCakeCats-Rezepte.png 943w, https:\/\/cupcakecats.com\/wp-content\/uploads\/2025\/10\/CupCakeCats-Rezepte-300x199.png 300w, https:\/\/cupcakecats.com\/wp-content\/uploads\/2025\/10\/CupCakeCats-Rezepte-768x511.png 768w, https:\/\/cupcakecats.com\/wp-content\/uploads\/2025\/10\/CupCakeCats-Rezepte-18x12.png 18w\" sizes=\"(max-width: 800px) 100vw, 800px\" \/>\t\t\t\t\t\t\t\t\t\t\t\t\t\t\t<\/div>\n\t\t\t\t<div class=\"elementor-element elementor-element-febf07d elementor-widget elementor-widget-heading\" data-id=\"febf07d\" data-element_type=\"widget\" data-e-type=\"widget\" data-widget_type=\"heading.default\">\n\t\t\t\t\t<h2 class=\"elementor-heading-title elementor-size-default\">CupCakeCats: L\u00e9p\u00e9sr\u0151l l\u00e9p\u00e9sre \u00e9s gyerekj\u00e1t\u00e9k<\/h2>\t\t\t\t<\/div>\n\t\t\t\t<div class=\"elementor-element elementor-element-58ba6a7 elementor-widget elementor-widget-heading\" data-id=\"58ba6a7\" data-element_type=\"widget\" data-e-type=\"widget\" data-widget_type=\"heading.default\">\n\t\t\t\t\t<h1 class=\"elementor-heading-title elementor-size-default\">S\u00fct\u00e9s gyerekekkel<\/h1>\t\t\t\t<\/div>\n\t\t\t\t<\/div>\n\t\t\t\t<\/div>\n\t\t\t\t<\/div>\n\t\t<div class=\"elementor-element elementor-element-351a506 e-con-full e-flex e-con e-parent\" data-id=\"351a506\" data-element_type=\"container\" data-e-type=\"container\" data-settings=\"{&quot;background_background&quot;:&quot;classic&quot;}\">\n\t\t<div class=\"elementor-element elementor-element-432ac0b e-con-full e-flex e-con e-child\" data-id=\"432ac0b\" data-element_type=\"container\" data-e-type=\"container\" data-settings=\"{&quot;background_background&quot;:&quot;classic&quot;}\">\n\t\t<div class=\"elementor-element elementor-element-108a98c e-con-full e-flex e-con e-child\" data-id=\"108a98c\" data-element_type=\"container\" data-e-type=\"container\">\n\t\t\t\t<div class=\"elementor-element elementor-element-3836e8d elementor-widget elementor-widget-heading\" data-id=\"3836e8d\" data-element_type=\"widget\" data-e-type=\"widget\" data-widget_type=\"heading.default\">\n\t\t\t\t\t<h2 class=\"elementor-heading-title elementor-size-default\">Hogyan tan\u00edtja a CupCakeCats l\u00e9p\u00e9sr\u0151l l\u00e9p\u00e9sre a gyerekeket s\u00fctni<\/h2>\t\t\t\t<\/div>\n\t\t\t\t<div data-dce-text-color=\"#000000\" class=\"elementor-element elementor-element-33d8e5f elementor-widget__width-inherit elementor-widget elementor-widget-text-editor\" data-id=\"33d8e5f\" data-element_type=\"widget\" data-e-type=\"widget\" data-widget_type=\"text-editor.default\">\n\t\t\t\t\t\t\t\t\tA gyerekekkel val\u00f3 s\u00fct\u00e9s gyerekj\u00e1t\u00e9k a CupCakeCats-szel. A webes alkalmaz\u00e1sban aranyos mesters\u00e9ges intelligencia macsk\u00e1k vezetik v\u00e9gig a gyerekeket l\u00e9p\u00e9sr\u0151l l\u00e9p\u00e9sre a recepten - a hozz\u00e1val\u00f3k m\u00e9rlegel\u00e9s\u00e9t\u0151l a k\u00e9sz, d\u00edsz\u00edtett s\u00fctem\u00e9nyig. Minden l\u00e9p\u00e9s lassan \u00e9s vil\u00e1gosan felolvashat\u00f3. A nagy gombok, az egy\u00e9rtelm\u0171 szimb\u00f3lumok \u00e9s a bar\u00e1ts\u00e1gos hang seg\u00edt a gyerekeknek abban, hogy \u00f6n\u00e1ll\u00f3an megs\u00fcss\u00e9k a muffinrecepteket. Ez azt jelenti, hogy m\u00e9g a tapasztalatlan kis cukr\u00e1szok is elsaj\u00e1t\u00edthatj\u00e1k a saj\u00e1t gyermekbar\u00e1t receptjeiket an\u00e9lk\u00fcl, hogy a feln\u0151tteknek minden l\u00e9p\u00e9st el kellene magyar\u00e1zniuk.\t\t\t\t\t\t\t\t<\/div>\n\t\t\t\t<div data-dce-background-color=\"#E6007E\" class=\"elementor-element elementor-element-5705b20 elementor-align-justify elementor-widget elementor-widget-button\" data-id=\"5705b20\" data-element_type=\"widget\" data-e-type=\"widget\" data-widget_type=\"button.default\">\n\t\t\t\t\t\t\t\t\t\t<a class=\"elementor-button elementor-button-link elementor-size-sm\" href=\"https:\/\/cupcakecats.com\/hu\/\">\n\t\t\t\t\t\t<span class=\"elementor-button-content-wrapper\">\n\t\t\t\t\t\t<span class=\"elementor-button-icon\">\n\t\t\t\t<svg aria-hidden=\"true\" class=\"e-font-icon-svg e-fas-chevron-right\" viewbox=\"0 0 320 512\" xmlns=\"http:\/\/www.w3.org\/2000\/svg\"><path d=\"M285.476 272.971L91.132 467.314c-9.373 9.373-24.569 9.373-33.941 0l-22.667-22.667c-9.357-9.357-9.375-24.522-.04-33.901L188.505 256 34.484 101.255c-9.335-9.379-9.317-24.544.04-33.901l22.667-22.667c9.373-9.373 24.569-9.373 33.941 0L285.475 239.03c9.373 9.372 9.373 24.568.001 33.941z\"><\/path><\/svg>\t\t\t<\/span>\n\t\t\t\t\t\t\t\t\t<span class=\"elementor-button-text\">A receptekhez<\/span>\n\t\t\t\t\t<\/span>\n\t\t\t\t\t<\/a>\n\t\t\t\t\t\t\t\t<\/div>\n\t\t\t\t<\/div>\n\t\t\t\t<\/div>\n\t\t\t\t<\/div>\n\t\t<div class=\"elementor-element elementor-element-4c9c29b e-con-full e-flex e-con e-parent\" data-id=\"4c9c29b\" data-element_type=\"container\" data-e-type=\"container\" data-settings=\"{&quot;background_background&quot;:&quot;classic&quot;}\">\n\t\t<div class=\"elementor-element elementor-element-c86fcc2 e-con-full e-flex e-con e-child\" data-id=\"c86fcc2\" data-element_type=\"container\" data-e-type=\"container\" data-settings=\"{&quot;background_background&quot;:&quot;classic&quot;}\">\n\t\t<div class=\"elementor-element elementor-element-e75e78c e-con-full e-flex e-con e-child\" data-id=\"e75e78c\" data-element_type=\"container\" data-e-type=\"container\">\n\t\t\t\t<div class=\"elementor-element elementor-element-3ab3de2 elementor-widget elementor-widget-heading\" data-id=\"3ab3de2\" data-element_type=\"widget\" data-e-type=\"widget\" data-widget_type=\"heading.default\">\n\t\t\t\t\t<h2 class=\"elementor-heading-title elementor-size-default\">Gyerekeknek, sz\u00fcl\u0151knek \u00e9s b\u00e1rkinek, aki gyerekekkel szeretne s\u00fctni.<\/h2>\t\t\t\t<\/div>\n\t\t\t\t<div data-dce-text-color=\"#000000\" class=\"elementor-element elementor-element-8fc594a elementor-widget__width-inherit elementor-widget elementor-widget-text-editor\" data-id=\"8fc594a\" data-element_type=\"widget\" data-e-type=\"widget\" data-widget_type=\"text-editor.default\">\n\t\t\t\t\t\t\t\t\t<p>A CupCakeCats webes alkalmaz\u00e1s mindazoknak sz\u00f3l, akik sz\u00edvesen s\u00fct\u00f6getnek gyerekekkel:<\/p><ul><li>5-6 \u00e9ves kor\u00fa gyermekek, akik szeretn\u00e9k megszerezni els\u0151 tapasztalataikat a konyh\u00e1ban.<\/li><li>Sz\u00fcl\u0151k \u00e9s csal\u00e1dok, akik szeretn\u00e9nek id\u0151t t\u00f6lteni a k\u00f6z\u00f6s s\u00fct\u00e9ssel a gyerekekkel.<\/li><li>Iskol\u00e1k \u00e9s \u00f3vod\u00e1k, amelyek s\u00fct\u00e9si projekteket, munkacsoportokat vagy d\u00e9lut\u00e1ni tev\u00e9kenys\u00e9geket terveznek.<\/li><\/ul><p><br \/>A receptek sz\u00e1nd\u00e9kosan egyszer\u0171ek \u00e9s gyermekbar\u00e1t nyelvezethez igaz\u00edtottak. Az AI macsk\u00e1k lassan \u00e9s vil\u00e1gosan elmagyar\u00e1zz\u00e1k az egyes l\u00e9p\u00e9seket, hogy a gyerekek maguk is bekapcsol\u00f3dhassanak. A feln\u0151ttek tov\u00e1bbra is ir\u00e1ny\u00edtanak, de a gyerekeknek megvan az \u00e9rz\u00e9s\u00fck: \u201eT\u00e9nyleg \u00e9n magam s\u00fct\u00f6ttem meg a s\u00fctem\u00e9nyemet!\u201c.<\/p>\t\t\t\t\t\t\t\t<\/div>\n\t\t\t\t<div data-dce-background-color=\"#E6007E\" class=\"elementor-element elementor-element-955edff elementor-align-justify elementor-widget elementor-widget-button\" data-id=\"955edff\" data-element_type=\"widget\" data-e-type=\"widget\" data-widget_type=\"button.default\">\n\t\t\t\t\t\t\t\t\t\t<a class=\"elementor-button elementor-button-link elementor-size-sm\" href=\"https:\/\/cupcakecats.com\/hu\/\">\n\t\t\t\t\t\t<span class=\"elementor-button-content-wrapper\">\n\t\t\t\t\t\t<span class=\"elementor-button-icon\">\n\t\t\t\t<svg aria-hidden=\"true\" class=\"e-font-icon-svg e-fas-chevron-right\" viewbox=\"0 0 320 512\" xmlns=\"http:\/\/www.w3.org\/2000\/svg\"><path d=\"M285.476 272.971L91.132 467.314c-9.373 9.373-24.569 9.373-33.941 0l-22.667-22.667c-9.357-9.357-9.375-24.522-.04-33.901L188.505 256 34.484 101.255c-9.335-9.379-9.317-24.544.04-33.901l22.667-22.667c9.373-9.373 24.569-9.373 33.941 0L285.475 239.03c9.373 9.372 9.373 24.568.001 33.941z\"><\/path><\/svg>\t\t\t<\/span>\n\t\t\t\t\t\t\t\t\t<span class=\"elementor-button-text\">A receptekhez<\/span>\n\t\t\t\t\t<\/span>\n\t\t\t\t\t<\/a>\n\t\t\t\t\t\t\t\t<\/div>\n\t\t\t\t<\/div>\n\t\t\t\t<\/div>\n\t\t\t\t<\/div>\n\t\t<div class=\"elementor-element elementor-element-110a00b e-con-full e-flex e-con e-parent\" data-id=\"110a00b\" data-element_type=\"container\" data-e-type=\"container\" data-settings=\"{&quot;background_background&quot;:&quot;classic&quot;}\">\n\t\t<div class=\"elementor-element elementor-element-84e8c6d e-con-full e-flex e-con e-child\" data-id=\"84e8c6d\" data-element_type=\"container\" data-e-type=\"container\" data-settings=\"{&quot;background_background&quot;:&quot;classic&quot;}\">\n\t\t<div class=\"elementor-element elementor-element-5b8bb49 e-con-full e-flex e-con e-child\" data-id=\"5b8bb49\" data-element_type=\"container\" data-e-type=\"container\">\n\t\t\t\t<div class=\"elementor-element elementor-element-72bcb75 elementor-widget elementor-widget-heading\" data-id=\"72bcb75\" data-element_type=\"widget\" data-e-type=\"widget\" data-widget_type=\"heading.default\">\n\t\t\t\t\t<h2 class=\"elementor-heading-title elementor-size-default\">T\u00f6bb mint \u00e9dess\u00e9g: tanul\u00e1s a gyerekekkel val\u00f3 s\u00fct\u00e9s k\u00f6zben<\/h2>\t\t\t\t<\/div>\n\t\t\t\t<div data-dce-text-color=\"#000000\" class=\"elementor-element elementor-element-924e657 elementor-widget__width-inherit elementor-widget elementor-widget-text-editor\" data-id=\"924e657\" data-element_type=\"widget\" data-e-type=\"widget\" data-widget_type=\"text-editor.default\">\n\t\t\t\t\t\t\t\t\t<p>A gyerekekkel val\u00f3 s\u00fct\u00e9s sokkal t\u00f6bb, mint egy sz\u00f3rakoztat\u00f3 hobbi. A gyerekeknek sz\u00f3l\u00f3 s\u00fctem\u00e9nyreceptek fontos k\u00e9szs\u00e9geket tan\u00edtanak a gyerekeknek \u00fatk\u00f6zben:<\/p><ul><li>Motoros k\u00e9szs\u00e9gek: A kever\u00e9s, gy\u00far\u00e1s, sz\u00f3r\u00e1s \u00e9s d\u00edsz\u00edt\u00e9s edzi a finommotoros k\u00e9szs\u00e9geket \u00e9s a szem-k\u00e9z koordin\u00e1ci\u00f3t.<\/li><li>Matematika \u00e9s mennyis\u00e9gek: Hozz\u00e1val\u00f3k m\u00e9rlegel\u00e9se, adagok sz\u00e1mol\u00e1sa \u00e9s s\u00fct\u00e9si id\u0151k leolvas\u00e1sa - a matematik\u00e1t nagyon gyakorlatias m\u00f3don lehet megtapasztalni.<\/li><li>Nyelv \u00e9s sz\u00f6veg\u00e9rt\u00e9s: A receptek hangos felolvas\u00e1s\u00e1val a gyerekek b\u0151v\u00edtik sz\u00f3kincs\u00fcket, \u00e9s megtanulj\u00e1k meg\u00e9rteni a l\u00e9p\u00e9sr\u0151l-l\u00e9p\u00e9sre megadott utas\u00edt\u00e1sokat.<\/li><li>F\u00fcggetlens\u00e9g \u00e9s b\u00fcszkes\u00e9g: Ha egy gyermek j\u00e1t\u00e9kreceptje sikeres, az n\u00f6veli az \u00f6nbizalmat - \u201eMegcsin\u00e1ltam!\u201c.<\/li><\/ul><p><br \/>A l\u00e9p\u00e9sr\u0151l-l\u00e9p\u00e9sre t\u00f6rt\u00e9n\u0151 \u00fatmutat\u00e1sok ide\u00e1lisak a k\u00f6nnyen t\u00falterhelt gyermekek sz\u00e1m\u00e1ra is. A CupCakeCats nyugodt temp\u00f3ban vezet v\u00e9gig minden egyes s\u00fct\u00e9si l\u00e9p\u00e9sen, \u00edgy senki sem marad le semmi fontosr\u00f3l. \u00cdgy a gyerekekkel val\u00f3 s\u00fct\u00e9s nyugodt, sz\u00f3rakoztat\u00f3 \u00e9s k\u00f6z\u00f6s \u00e9lm\u00e9ny lesz, amelyre mindenki sz\u00edvesen fog eml\u00e9kezni.<\/p>\t\t\t\t\t\t\t\t<\/div>\n\t\t\t\t<div data-dce-background-color=\"#E6007E\" class=\"elementor-element elementor-element-3548b36 elementor-align-justify elementor-widget elementor-widget-button\" data-id=\"3548b36\" data-element_type=\"widget\" data-e-type=\"widget\" data-widget_type=\"button.default\">\n\t\t\t\t\t\t\t\t\t\t<a class=\"elementor-button elementor-button-link elementor-size-sm\" href=\"https:\/\/cupcakecats.com\/hu\/\">\n\t\t\t\t\t\t<span class=\"elementor-button-content-wrapper\">\n\t\t\t\t\t\t<span class=\"elementor-button-icon\">\n\t\t\t\t<svg aria-hidden=\"true\" class=\"e-font-icon-svg e-fas-chevron-right\" viewbox=\"0 0 320 512\" xmlns=\"http:\/\/www.w3.org\/2000\/svg\"><path d=\"M285.476 272.971L91.132 467.314c-9.373 9.373-24.569 9.373-33.941 0l-22.667-22.667c-9.357-9.357-9.375-24.522-.04-33.901L188.505 256 34.484 101.255c-9.335-9.379-9.317-24.544.04-33.901l22.667-22.667c9.373-9.373 24.569-9.373 33.941 0L285.475 239.03c9.373 9.372 9.373 24.568.001 33.941z\"><\/path><\/svg>\t\t\t<\/span>\n\t\t\t\t\t\t\t\t\t<span class=\"elementor-button-text\">A receptekhez<\/span>\n\t\t\t\t\t<\/span>\n\t\t\t\t\t<\/a>\n\t\t\t\t\t\t\t\t<\/div>\n\t\t\t\t<\/div>\n\t\t\t\t<\/div>\n\t\t\t\t<\/div>\n\t\t\t\t<\/div>","protected":false},"excerpt":{"rendered":"<p>CupCakeCats: Schritt f\u00fcr Schritt und kinderleicht Backen mit Kindern Wie die CupCakeCats Kindern das Backen Schritt f\u00fcr Schritt beibringen Mit den CupCakeCats wird Backen mit Kindern kinderleicht. In der Webapp f\u00fchren niedliche KI-Katzen Kinder Schritt f\u00fcr Schritt durch das Rezept \u2013 vom Abwiegen der Zutaten bis zum fertig dekorierten Cupcake. Jeder Schritt wird langsam vorgelesen [&hellip;]<\/p>\n","protected":false},"author":2,"featured_media":2886,"parent":0,"menu_order":0,"comment_status":"closed","ping_status":"closed","template":"elementor_canvas","meta":{"_acf_changed":false,"footnotes":""},"class_list":["post-37","page","type-page","status-publish","has-post-thumbnail","hentry"],"acf":[],"_links":{"self":[{"href":"https:\/\/cupcakecats.com\/hu\/wp-json\/wp\/v2\/pages\/37","targetHints":{"allow":["GET"]}}],"collection":[{"href":"https:\/\/cupcakecats.com\/hu\/wp-json\/wp\/v2\/pages"}],"about":[{"href":"https:\/\/cupcakecats.com\/hu\/wp-json\/wp\/v2\/types\/page"}],"author":[{"embeddable":true,"href":"https:\/\/cupcakecats.com\/hu\/wp-json\/wp\/v2\/users\/2"}],"replies":[{"embeddable":true,"href":"https:\/\/cupcakecats.com\/hu\/wp-json\/wp\/v2\/comments?post=37"}],"version-history":[{"count":31,"href":"https:\/\/cupcakecats.com\/hu\/wp-json\/wp\/v2\/pages\/37\/revisions"}],"predecessor-version":[{"id":3263,"href":"https:\/\/cupcakecats.com\/hu\/wp-json\/wp\/v2\/pages\/37\/revisions\/3263"}],"wp:featuredmedia":[{"embeddable":true,"href":"https:\/\/cupcakecats.com\/hu\/wp-json\/wp\/v2\/media\/2886"}],"wp:attachment":[{"href":"https:\/\/cupcakecats.com\/hu\/wp-json\/wp\/v2\/media?parent=37"}],"curies":[{"name":"wp","href":"https:\/\/api.w.org\/{rel}","templated":true}]}}