{"id":37,"date":"2026-01-23T12:19:48","date_gmt":"2026-01-23T11:19:48","guid":{"rendered":"https:\/\/cupcakecats.com\/?page_id=37"},"modified":"2026-03-13T14:35:56","modified_gmt":"2026-03-13T13:35:56","slug":"backen-mit-kindern","status":"publish","type":"page","link":"https:\/\/cupcakecats.com\/fr\/backen-mit-kindern\/","title":{"rendered":"Faire de la p\u00e2tisserie avec les enfants - CupCakeCats"},"content":{"rendered":"<div data-elementor-type=\"wp-page\" data-elementor-id=\"37\" class=\"elementor elementor-37\" data-elementor-post-type=\"page\">\n\t\t\t\t<div class=\"elementor-element elementor-element-b53e883 e-con-full e-flex e-con e-parent\" data-id=\"b53e883\" data-element_type=\"container\" data-e-type=\"container\" data-settings=\"{&quot;background_background&quot;:&quot;classic&quot;}\">\n\t\t<div class=\"elementor-element elementor-element-8ce5529 e-con-full e-flex e-con e-child\" data-id=\"8ce5529\" data-element_type=\"container\" data-e-type=\"container\" data-settings=\"{&quot;background_background&quot;:&quot;classic&quot;}\">\n\t\t<div class=\"elementor-element elementor-element-9cde414 e-con-full e-flex e-con e-child\" data-id=\"9cde414\" data-element_type=\"container\" data-e-type=\"container\">\n\t\t\t\t<div class=\"elementor-element elementor-element-d577788 dce_masking-none elementor-widget elementor-widget-image\" data-id=\"d577788\" data-element_type=\"widget\" data-e-type=\"widget\" data-widget_type=\"image.default\">\n\t\t\t\t\t\t\t\t\t\t\t\t\t\t\t<img fetchpriority=\"high\" decoding=\"async\" width=\"800\" height=\"532\" src=\"https:\/\/cupcakecats.com\/wp-content\/uploads\/2025\/10\/CupCakeCats-Rezepte.png\" class=\"attachment-large size-large wp-image-2886\" alt=\"Cupcake-Rezepte f\u00fcr Kinder, CupCakeCats\" srcset=\"https:\/\/cupcakecats.com\/wp-content\/uploads\/2025\/10\/CupCakeCats-Rezepte.png 943w, https:\/\/cupcakecats.com\/wp-content\/uploads\/2025\/10\/CupCakeCats-Rezepte-300x199.png 300w, https:\/\/cupcakecats.com\/wp-content\/uploads\/2025\/10\/CupCakeCats-Rezepte-768x511.png 768w, https:\/\/cupcakecats.com\/wp-content\/uploads\/2025\/10\/CupCakeCats-Rezepte-18x12.png 18w\" sizes=\"(max-width: 800px) 100vw, 800px\" \/>\t\t\t\t\t\t\t\t\t\t\t\t\t\t\t<\/div>\n\t\t\t\t<div class=\"elementor-element elementor-element-febf07d elementor-widget elementor-widget-heading\" data-id=\"febf07d\" data-element_type=\"widget\" data-e-type=\"widget\" data-widget_type=\"heading.default\">\n\t\t\t\t\t<h2 class=\"elementor-heading-title elementor-size-default\">CupCakeCats : pas \u00e0 pas, un jeu d'enfant<\/h2>\t\t\t\t<\/div>\n\t\t\t\t<div class=\"elementor-element elementor-element-58ba6a7 elementor-widget elementor-widget-heading\" data-id=\"58ba6a7\" data-element_type=\"widget\" data-e-type=\"widget\" data-widget_type=\"heading.default\">\n\t\t\t\t\t<h1 class=\"elementor-heading-title elementor-size-default\">Faire de la p\u00e2tisserie avec les enfants<\/h1>\t\t\t\t<\/div>\n\t\t\t\t<\/div>\n\t\t\t\t<\/div>\n\t\t\t\t<\/div>\n\t\t<div class=\"elementor-element elementor-element-351a506 e-con-full e-flex e-con e-parent\" data-id=\"351a506\" data-element_type=\"container\" data-e-type=\"container\" data-settings=\"{&quot;background_background&quot;:&quot;classic&quot;}\">\n\t\t<div class=\"elementor-element elementor-element-432ac0b e-con-full e-flex e-con e-child\" data-id=\"432ac0b\" data-element_type=\"container\" data-e-type=\"container\" data-settings=\"{&quot;background_background&quot;:&quot;classic&quot;}\">\n\t\t<div class=\"elementor-element elementor-element-108a98c e-con-full e-flex e-con e-child\" data-id=\"108a98c\" data-element_type=\"container\" data-e-type=\"container\">\n\t\t\t\t<div class=\"elementor-element elementor-element-3836e8d elementor-widget elementor-widget-heading\" data-id=\"3836e8d\" data-element_type=\"widget\" data-e-type=\"widget\" data-widget_type=\"heading.default\">\n\t\t\t\t\t<h2 class=\"elementor-heading-title elementor-size-default\">Comment les CupCakeCats enseignent la p\u00e2tisserie aux enfants, \u00e9tape par \u00e9tape<\/h2>\t\t\t\t<\/div>\n\t\t\t\t<div data-dce-text-color=\"#000000\" class=\"elementor-element elementor-element-33d8e5f elementor-widget__width-inherit elementor-widget elementor-widget-text-editor\" data-id=\"33d8e5f\" data-element_type=\"widget\" data-e-type=\"widget\" data-widget_type=\"text-editor.default\">\n\t\t\t\t\t\t\t\t\tAvec les CupCakeCats, la p\u00e2tisserie avec les enfants devient un jeu d'enfant. Dans l'application web, d'adorables chats IA guident les enfants pas \u00e0 pas \u00e0 travers la recette - de la pes\u00e9e des ingr\u00e9dients jusqu'au cupcake d\u00e9cor\u00e9.\nChaque \u00e9tape est lue lentement et affich\u00e9e clairement. De gros boutons, des symboles clairs et une voix sympathique aident les enfants \u00e0 r\u00e9aliser eux-m\u00eames les recettes de cupcakes pour enfants. Ainsi, m\u00eame les petits p\u00e2tissiers inexp\u00e9riment\u00e9s peuvent ma\u00eetriser leurs propres recettes, faciles comme bonjour, sans que les adultes aient \u00e0 expliquer chaque \u00e9tape.\t\t\t\t\t\t\t\t<\/div>\n\t\t\t\t<div data-dce-background-color=\"#E6007E\" class=\"elementor-element elementor-element-5705b20 elementor-align-justify elementor-widget elementor-widget-button\" data-id=\"5705b20\" data-element_type=\"widget\" data-e-type=\"widget\" data-widget_type=\"button.default\">\n\t\t\t\t\t\t\t\t\t\t<a class=\"elementor-button elementor-button-link elementor-size-sm\" href=\"https:\/\/cupcakecats.com\/fr\/\">\n\t\t\t\t\t\t<span class=\"elementor-button-content-wrapper\">\n\t\t\t\t\t\t<span class=\"elementor-button-icon\">\n\t\t\t\t<svg aria-hidden=\"true\" class=\"e-font-icon-svg e-fas-chevron-right\" viewbox=\"0 0 320 512\" xmlns=\"http:\/\/www.w3.org\/2000\/svg\"><path d=\"M285.476 272.971L91.132 467.314c-9.373 9.373-24.569 9.373-33.941 0l-22.667-22.667c-9.357-9.357-9.375-24.522-.04-33.901L188.505 256 34.484 101.255c-9.335-9.379-9.317-24.544.04-33.901l22.667-22.667c9.373-9.373 24.569-9.373 33.941 0L285.475 239.03c9.373 9.372 9.373 24.568.001 33.941z\"><\/path><\/svg>\t\t\t<\/span>\n\t\t\t\t\t\t\t\t\t<span class=\"elementor-button-text\">Vers les recettes<\/span>\n\t\t\t\t\t<\/span>\n\t\t\t\t\t<\/a>\n\t\t\t\t\t\t\t\t<\/div>\n\t\t\t\t<\/div>\n\t\t\t\t<\/div>\n\t\t\t\t<\/div>\n\t\t<div class=\"elementor-element elementor-element-4c9c29b e-con-full e-flex e-con e-parent\" data-id=\"4c9c29b\" data-element_type=\"container\" data-e-type=\"container\" data-settings=\"{&quot;background_background&quot;:&quot;classic&quot;}\">\n\t\t<div class=\"elementor-element elementor-element-c86fcc2 e-con-full e-flex e-con e-child\" data-id=\"c86fcc2\" data-element_type=\"container\" data-e-type=\"container\" data-settings=\"{&quot;background_background&quot;:&quot;classic&quot;}\">\n\t\t<div class=\"elementor-element elementor-element-e75e78c e-con-full e-flex e-con e-child\" data-id=\"e75e78c\" data-element_type=\"container\" data-e-type=\"container\">\n\t\t\t\t<div class=\"elementor-element elementor-element-3ab3de2 elementor-widget elementor-widget-heading\" data-id=\"3ab3de2\" data-element_type=\"widget\" data-e-type=\"widget\" data-widget_type=\"heading.default\">\n\t\t\t\t\t<h2 class=\"elementor-heading-title elementor-size-default\">Pour les enfants, les parents et tous ceux qui veulent faire de la p\u00e2tisserie avec des enfants<\/h2>\t\t\t\t<\/div>\n\t\t\t\t<div data-dce-text-color=\"#000000\" class=\"elementor-element elementor-element-8fc594a elementor-widget__width-inherit elementor-widget elementor-widget-text-editor\" data-id=\"8fc594a\" data-element_type=\"widget\" data-e-type=\"widget\" data-widget_type=\"text-editor.default\">\n\t\t\t\t\t\t\t\t\t<p>L'application web CupCakeCats s'adresse \u00e0 tous ceux qui aiment faire de la p\u00e2tisserie avec les enfants :<\/p><ul><li>Enfants \u00e0 partir de 5-6 ans environ, qui veulent faire leurs premi\u00e8res exp\u00e9riences en cuisine<\/li><li>Parents et familles qui souhaitent passer du temps ensemble \u00e0 faire de la p\u00e2tisserie avec des enfants.<\/li><li>les \u00e9coles et les cr\u00e8ches qui pr\u00e9voient des projets de boulangerie, des groupes de travail ou des activit\u00e9s l'apr\u00e8s-midi<\/li><\/ul><p><br \/>Les recettes sont volontairement simples et adapt\u00e9es \u00e0 un langage enfantin. Les chats IA expliquent chaque \u00e9tape lentement et de mani\u00e8re compr\u00e9hensible, ce qui permet aux enfants d'\u00eatre actifs. Les adultes gardent la surveillance, mais les enfants ont l'impression : \u201eJ'ai vraiment fait mon cupcake moi-m\u00eame\u201c !\u201c<\/p>\t\t\t\t\t\t\t\t<\/div>\n\t\t\t\t<div data-dce-background-color=\"#E6007E\" class=\"elementor-element elementor-element-955edff elementor-align-justify elementor-widget elementor-widget-button\" data-id=\"955edff\" data-element_type=\"widget\" data-e-type=\"widget\" data-widget_type=\"button.default\">\n\t\t\t\t\t\t\t\t\t\t<a class=\"elementor-button elementor-button-link elementor-size-sm\" href=\"https:\/\/cupcakecats.com\/fr\/\">\n\t\t\t\t\t\t<span class=\"elementor-button-content-wrapper\">\n\t\t\t\t\t\t<span class=\"elementor-button-icon\">\n\t\t\t\t<svg aria-hidden=\"true\" class=\"e-font-icon-svg e-fas-chevron-right\" viewbox=\"0 0 320 512\" xmlns=\"http:\/\/www.w3.org\/2000\/svg\"><path d=\"M285.476 272.971L91.132 467.314c-9.373 9.373-24.569 9.373-33.941 0l-22.667-22.667c-9.357-9.357-9.375-24.522-.04-33.901L188.505 256 34.484 101.255c-9.335-9.379-9.317-24.544.04-33.901l22.667-22.667c9.373-9.373 24.569-9.373 33.941 0L285.475 239.03c9.373 9.372 9.373 24.568.001 33.941z\"><\/path><\/svg>\t\t\t<\/span>\n\t\t\t\t\t\t\t\t\t<span class=\"elementor-button-text\">Vers les recettes<\/span>\n\t\t\t\t\t<\/span>\n\t\t\t\t\t<\/a>\n\t\t\t\t\t\t\t\t<\/div>\n\t\t\t\t<\/div>\n\t\t\t\t<\/div>\n\t\t\t\t<\/div>\n\t\t<div class=\"elementor-element elementor-element-110a00b e-con-full e-flex e-con e-parent\" data-id=\"110a00b\" data-element_type=\"container\" data-e-type=\"container\" data-settings=\"{&quot;background_background&quot;:&quot;classic&quot;}\">\n\t\t<div class=\"elementor-element elementor-element-84e8c6d e-con-full e-flex e-con e-child\" data-id=\"84e8c6d\" data-element_type=\"container\" data-e-type=\"container\" data-settings=\"{&quot;background_background&quot;:&quot;classic&quot;}\">\n\t\t<div class=\"elementor-element elementor-element-5b8bb49 e-con-full e-flex e-con e-child\" data-id=\"5b8bb49\" data-element_type=\"container\" data-e-type=\"container\">\n\t\t\t\t<div class=\"elementor-element elementor-element-72bcb75 elementor-widget elementor-widget-heading\" data-id=\"72bcb75\" data-element_type=\"widget\" data-e-type=\"widget\" data-widget_type=\"heading.default\">\n\t\t\t\t\t<h2 class=\"elementor-heading-title elementor-size-default\">Plus que des friandises : apprendre en faisant de la p\u00e2tisserie avec les enfants<\/h2>\t\t\t\t<\/div>\n\t\t\t\t<div data-dce-text-color=\"#000000\" class=\"elementor-element elementor-element-924e657 elementor-widget__width-inherit elementor-widget elementor-widget-text-editor\" data-id=\"924e657\" data-element_type=\"widget\" data-e-type=\"widget\" data-widget_type=\"text-editor.default\">\n\t\t\t\t\t\t\t\t\t<p>La p\u00e2tisserie avec les enfants est bien plus qu'un simple passe-temps. Dans les recettes de cupcakes pour enfants, les enfants apprennent en m\u00eame temps des comp\u00e9tences importantes :<\/p><ul><li>Motricit\u00e9 : m\u00e9langer, p\u00e9trir, saupoudrer et d\u00e9corer permet d'entra\u00eener la motricit\u00e9 fine et la coordination \u0153il-main.<\/li><li>Maths et quantit\u00e9s : Peser les ingr\u00e9dients, compter les portions et lire le temps de cuisson - les maths deviennent ainsi une exp\u00e9rience pratique.<\/li><li>Langue &amp; compr\u00e9hension : en lisant les recettes \u00e0 haute voix, les enfants \u00e9largissent leur vocabulaire et apprennent \u00e0 comprendre les instructions \u00e9tape par \u00e9tape.<\/li><li>Ind\u00e9pendance &amp; fiert\u00e9 : lorsqu'une recette d'une simplicit\u00e9 enfantine est r\u00e9ussie, cela renforce la confiance en soi - \u201eJ'ai r\u00e9ussi !.<\/li><\/ul><p><br \/>Les instructions \u00e9tape par \u00e9tape sont \u00e9galement id\u00e9ales pour les enfants qui sont vite d\u00e9pass\u00e9s. Les CupCakeCats guident \u00e0 un rythme tranquille \u00e0 travers chaque \u00e9tape de la cuisson, de sorte que personne ne manque quelque chose d'important. Ainsi, la p\u00e2tisserie avec les enfants reste d\u00e9tendue, amusante et devient une exp\u00e9rience commune dont tous se souviennent avec plaisir.<\/p>\t\t\t\t\t\t\t\t<\/div>\n\t\t\t\t<div data-dce-background-color=\"#E6007E\" class=\"elementor-element elementor-element-3548b36 elementor-align-justify elementor-widget elementor-widget-button\" data-id=\"3548b36\" data-element_type=\"widget\" data-e-type=\"widget\" data-widget_type=\"button.default\">\n\t\t\t\t\t\t\t\t\t\t<a class=\"elementor-button elementor-button-link elementor-size-sm\" href=\"https:\/\/cupcakecats.com\/fr\/\">\n\t\t\t\t\t\t<span class=\"elementor-button-content-wrapper\">\n\t\t\t\t\t\t<span class=\"elementor-button-icon\">\n\t\t\t\t<svg aria-hidden=\"true\" class=\"e-font-icon-svg e-fas-chevron-right\" viewbox=\"0 0 320 512\" xmlns=\"http:\/\/www.w3.org\/2000\/svg\"><path d=\"M285.476 272.971L91.132 467.314c-9.373 9.373-24.569 9.373-33.941 0l-22.667-22.667c-9.357-9.357-9.375-24.522-.04-33.901L188.505 256 34.484 101.255c-9.335-9.379-9.317-24.544.04-33.901l22.667-22.667c9.373-9.373 24.569-9.373 33.941 0L285.475 239.03c9.373 9.372 9.373 24.568.001 33.941z\"><\/path><\/svg>\t\t\t<\/span>\n\t\t\t\t\t\t\t\t\t<span class=\"elementor-button-text\">Vers les recettes<\/span>\n\t\t\t\t\t<\/span>\n\t\t\t\t\t<\/a>\n\t\t\t\t\t\t\t\t<\/div>\n\t\t\t\t<\/div>\n\t\t\t\t<\/div>\n\t\t\t\t<\/div>\n\t\t\t\t<\/div>","protected":false},"excerpt":{"rendered":"<p>CupCakeCats: Schritt f\u00fcr Schritt und kinderleicht Backen mit Kindern Wie die CupCakeCats Kindern das Backen Schritt f\u00fcr Schritt beibringen Mit den CupCakeCats wird Backen mit Kindern kinderleicht. In der Webapp f\u00fchren niedliche KI-Katzen Kinder Schritt f\u00fcr Schritt durch das Rezept \u2013 vom Abwiegen der Zutaten bis zum fertig dekorierten Cupcake. Jeder Schritt wird langsam vorgelesen [&hellip;]<\/p>\n","protected":false},"author":2,"featured_media":2886,"parent":0,"menu_order":0,"comment_status":"closed","ping_status":"closed","template":"elementor_canvas","meta":{"_acf_changed":false,"footnotes":""},"class_list":["post-37","page","type-page","status-publish","has-post-thumbnail","hentry"],"acf":[],"_links":{"self":[{"href":"https:\/\/cupcakecats.com\/fr\/wp-json\/wp\/v2\/pages\/37","targetHints":{"allow":["GET"]}}],"collection":[{"href":"https:\/\/cupcakecats.com\/fr\/wp-json\/wp\/v2\/pages"}],"about":[{"href":"https:\/\/cupcakecats.com\/fr\/wp-json\/wp\/v2\/types\/page"}],"author":[{"embeddable":true,"href":"https:\/\/cupcakecats.com\/fr\/wp-json\/wp\/v2\/users\/2"}],"replies":[{"embeddable":true,"href":"https:\/\/cupcakecats.com\/fr\/wp-json\/wp\/v2\/comments?post=37"}],"version-history":[{"count":31,"href":"https:\/\/cupcakecats.com\/fr\/wp-json\/wp\/v2\/pages\/37\/revisions"}],"predecessor-version":[{"id":3263,"href":"https:\/\/cupcakecats.com\/fr\/wp-json\/wp\/v2\/pages\/37\/revisions\/3263"}],"wp:featuredmedia":[{"embeddable":true,"href":"https:\/\/cupcakecats.com\/fr\/wp-json\/wp\/v2\/media\/2886"}],"wp:attachment":[{"href":"https:\/\/cupcakecats.com\/fr\/wp-json\/wp\/v2\/media?parent=37"}],"curies":[{"name":"wp","href":"https:\/\/api.w.org\/{rel}","templated":true}]}}