{"id":37,"date":"2026-01-23T12:19:48","date_gmt":"2026-01-23T11:19:48","guid":{"rendered":"https:\/\/cupcakecats.com\/?page_id=37"},"modified":"2026-03-13T14:35:56","modified_gmt":"2026-03-13T13:35:56","slug":"backen-mit-kindern","status":"publish","type":"page","link":"https:\/\/cupcakecats.com\/en\/backen-mit-kindern\/","title":{"rendered":"Baking with children - CupCakeCats"},"content":{"rendered":"<div data-elementor-type=\"wp-page\" data-elementor-id=\"37\" class=\"elementor elementor-37\" data-elementor-post-type=\"page\">\n\t\t\t\t<div class=\"elementor-element elementor-element-b53e883 e-con-full e-flex e-con e-parent\" data-id=\"b53e883\" data-element_type=\"container\" data-e-type=\"container\" data-settings=\"{&quot;background_background&quot;:&quot;classic&quot;}\">\n\t\t<div class=\"elementor-element elementor-element-8ce5529 e-con-full e-flex e-con e-child\" data-id=\"8ce5529\" data-element_type=\"container\" data-e-type=\"container\" data-settings=\"{&quot;background_background&quot;:&quot;classic&quot;}\">\n\t\t<div class=\"elementor-element elementor-element-9cde414 e-con-full e-flex e-con e-child\" data-id=\"9cde414\" data-element_type=\"container\" data-e-type=\"container\">\n\t\t\t\t<div class=\"elementor-element elementor-element-d577788 dce_masking-none elementor-widget elementor-widget-image\" data-id=\"d577788\" data-element_type=\"widget\" data-e-type=\"widget\" data-widget_type=\"image.default\">\n\t\t\t\t\t\t\t\t\t\t\t\t\t\t\t<img fetchpriority=\"high\" decoding=\"async\" width=\"800\" height=\"532\" src=\"https:\/\/cupcakecats.com\/wp-content\/uploads\/2025\/10\/CupCakeCats-Rezepte.png\" class=\"attachment-large size-large wp-image-2886\" alt=\"Cupcake-Rezepte f\u00fcr Kinder, CupCakeCats\" srcset=\"https:\/\/cupcakecats.com\/wp-content\/uploads\/2025\/10\/CupCakeCats-Rezepte.png 943w, https:\/\/cupcakecats.com\/wp-content\/uploads\/2025\/10\/CupCakeCats-Rezepte-300x199.png 300w, https:\/\/cupcakecats.com\/wp-content\/uploads\/2025\/10\/CupCakeCats-Rezepte-768x511.png 768w, https:\/\/cupcakecats.com\/wp-content\/uploads\/2025\/10\/CupCakeCats-Rezepte-18x12.png 18w\" sizes=\"(max-width: 800px) 100vw, 800px\" \/>\t\t\t\t\t\t\t\t\t\t\t\t\t\t\t<\/div>\n\t\t\t\t<div class=\"elementor-element elementor-element-febf07d elementor-widget elementor-widget-heading\" data-id=\"febf07d\" data-element_type=\"widget\" data-e-type=\"widget\" data-widget_type=\"heading.default\">\n\t\t\t\t\t<h2 class=\"elementor-heading-title elementor-size-default\">CupCakeCats: Step by step and child's play<\/h2>\t\t\t\t<\/div>\n\t\t\t\t<div class=\"elementor-element elementor-element-58ba6a7 elementor-widget elementor-widget-heading\" data-id=\"58ba6a7\" data-element_type=\"widget\" data-e-type=\"widget\" data-widget_type=\"heading.default\">\n\t\t\t\t\t<h1 class=\"elementor-heading-title elementor-size-default\">Baking with children<\/h1>\t\t\t\t<\/div>\n\t\t\t\t<\/div>\n\t\t\t\t<\/div>\n\t\t\t\t<\/div>\n\t\t<div class=\"elementor-element elementor-element-351a506 e-con-full e-flex e-con e-parent\" data-id=\"351a506\" data-element_type=\"container\" data-e-type=\"container\" data-settings=\"{&quot;background_background&quot;:&quot;classic&quot;}\">\n\t\t<div class=\"elementor-element elementor-element-432ac0b e-con-full e-flex e-con e-child\" data-id=\"432ac0b\" data-element_type=\"container\" data-e-type=\"container\" data-settings=\"{&quot;background_background&quot;:&quot;classic&quot;}\">\n\t\t<div class=\"elementor-element elementor-element-108a98c e-con-full e-flex e-con e-child\" data-id=\"108a98c\" data-element_type=\"container\" data-e-type=\"container\">\n\t\t\t\t<div class=\"elementor-element elementor-element-3836e8d elementor-widget elementor-widget-heading\" data-id=\"3836e8d\" data-element_type=\"widget\" data-e-type=\"widget\" data-widget_type=\"heading.default\">\n\t\t\t\t\t<h2 class=\"elementor-heading-title elementor-size-default\">How the CupCakeCats teach children to bake step by step<\/h2>\t\t\t\t<\/div>\n\t\t\t\t<div data-dce-text-color=\"#000000\" class=\"elementor-element elementor-element-33d8e5f elementor-widget__width-inherit elementor-widget elementor-widget-text-editor\" data-id=\"33d8e5f\" data-element_type=\"widget\" data-e-type=\"widget\" data-widget_type=\"text-editor.default\">\n\t\t\t\t\t\t\t\t\tBaking with children is child's play with the CupCakeCats. In the web app, cute AI cats guide children step by step through the recipe - from weighing the ingredients to the finished decorated cupcake.\nEach step is read out slowly and clearly displayed. Large buttons, clear symbols and a friendly voice help children to bake the cupcake recipes for children independently. This means that even inexperienced little bakers can master their own child-friendly recipes without adults having to explain every step.\t\t\t\t\t\t\t\t<\/div>\n\t\t\t\t<div data-dce-background-color=\"#E6007E\" class=\"elementor-element elementor-element-5705b20 elementor-align-justify elementor-widget elementor-widget-button\" data-id=\"5705b20\" data-element_type=\"widget\" data-e-type=\"widget\" data-widget_type=\"button.default\">\n\t\t\t\t\t\t\t\t\t\t<a class=\"elementor-button elementor-button-link elementor-size-sm\" href=\"https:\/\/cupcakecats.com\/en\/\">\n\t\t\t\t\t\t<span class=\"elementor-button-content-wrapper\">\n\t\t\t\t\t\t<span class=\"elementor-button-icon\">\n\t\t\t\t<svg aria-hidden=\"true\" class=\"e-font-icon-svg e-fas-chevron-right\" viewbox=\"0 0 320 512\" xmlns=\"http:\/\/www.w3.org\/2000\/svg\"><path d=\"M285.476 272.971L91.132 467.314c-9.373 9.373-24.569 9.373-33.941 0l-22.667-22.667c-9.357-9.357-9.375-24.522-.04-33.901L188.505 256 34.484 101.255c-9.335-9.379-9.317-24.544.04-33.901l22.667-22.667c9.373-9.373 24.569-9.373 33.941 0L285.475 239.03c9.373 9.372 9.373 24.568.001 33.941z\"><\/path><\/svg>\t\t\t<\/span>\n\t\t\t\t\t\t\t\t\t<span class=\"elementor-button-text\">To the recipes<\/span>\n\t\t\t\t\t<\/span>\n\t\t\t\t\t<\/a>\n\t\t\t\t\t\t\t\t<\/div>\n\t\t\t\t<\/div>\n\t\t\t\t<\/div>\n\t\t\t\t<\/div>\n\t\t<div class=\"elementor-element elementor-element-4c9c29b e-con-full e-flex e-con e-parent\" data-id=\"4c9c29b\" data-element_type=\"container\" data-e-type=\"container\" data-settings=\"{&quot;background_background&quot;:&quot;classic&quot;}\">\n\t\t<div class=\"elementor-element elementor-element-c86fcc2 e-con-full e-flex e-con e-child\" data-id=\"c86fcc2\" data-element_type=\"container\" data-e-type=\"container\" data-settings=\"{&quot;background_background&quot;:&quot;classic&quot;}\">\n\t\t<div class=\"elementor-element elementor-element-e75e78c e-con-full e-flex e-con e-child\" data-id=\"e75e78c\" data-element_type=\"container\" data-e-type=\"container\">\n\t\t\t\t<div class=\"elementor-element elementor-element-3ab3de2 elementor-widget elementor-widget-heading\" data-id=\"3ab3de2\" data-element_type=\"widget\" data-e-type=\"widget\" data-widget_type=\"heading.default\">\n\t\t\t\t\t<h2 class=\"elementor-heading-title elementor-size-default\">For children, parents and anyone who wants to bake with children<\/h2>\t\t\t\t<\/div>\n\t\t\t\t<div data-dce-text-color=\"#000000\" class=\"elementor-element elementor-element-8fc594a elementor-widget__width-inherit elementor-widget elementor-widget-text-editor\" data-id=\"8fc594a\" data-element_type=\"widget\" data-e-type=\"widget\" data-widget_type=\"text-editor.default\">\n\t\t\t\t\t\t\t\t\t<p>The CupCakeCats web app is aimed at anyone who enjoys baking with children:<\/p><ul><li>Children from approx. 5-6 years who want to gain their first experience in the kitchen<\/li><li>Parents and families who want to spend time baking together with children<\/li><li>Schools and daycare centres planning baking projects, working groups or afternoon activities<\/li><\/ul><p><br \/>The recipes are deliberately kept simple and adapted to child-friendly language. The AI cats explain each step slowly and clearly so that children can get involved themselves. Adults remain in charge, but the children have the feeling: \u201eI really baked my cupcake myself!\u201c<\/p>\t\t\t\t\t\t\t\t<\/div>\n\t\t\t\t<div data-dce-background-color=\"#E6007E\" class=\"elementor-element elementor-element-955edff elementor-align-justify elementor-widget elementor-widget-button\" data-id=\"955edff\" data-element_type=\"widget\" data-e-type=\"widget\" data-widget_type=\"button.default\">\n\t\t\t\t\t\t\t\t\t\t<a class=\"elementor-button elementor-button-link elementor-size-sm\" href=\"https:\/\/cupcakecats.com\/en\/\">\n\t\t\t\t\t\t<span class=\"elementor-button-content-wrapper\">\n\t\t\t\t\t\t<span class=\"elementor-button-icon\">\n\t\t\t\t<svg aria-hidden=\"true\" class=\"e-font-icon-svg e-fas-chevron-right\" viewbox=\"0 0 320 512\" xmlns=\"http:\/\/www.w3.org\/2000\/svg\"><path d=\"M285.476 272.971L91.132 467.314c-9.373 9.373-24.569 9.373-33.941 0l-22.667-22.667c-9.357-9.357-9.375-24.522-.04-33.901L188.505 256 34.484 101.255c-9.335-9.379-9.317-24.544.04-33.901l22.667-22.667c9.373-9.373 24.569-9.373 33.941 0L285.475 239.03c9.373 9.372 9.373 24.568.001 33.941z\"><\/path><\/svg>\t\t\t<\/span>\n\t\t\t\t\t\t\t\t\t<span class=\"elementor-button-text\">To the recipes<\/span>\n\t\t\t\t\t<\/span>\n\t\t\t\t\t<\/a>\n\t\t\t\t\t\t\t\t<\/div>\n\t\t\t\t<\/div>\n\t\t\t\t<\/div>\n\t\t\t\t<\/div>\n\t\t<div class=\"elementor-element elementor-element-110a00b e-con-full e-flex e-con e-parent\" data-id=\"110a00b\" data-element_type=\"container\" data-e-type=\"container\" data-settings=\"{&quot;background_background&quot;:&quot;classic&quot;}\">\n\t\t<div class=\"elementor-element elementor-element-84e8c6d e-con-full e-flex e-con e-child\" data-id=\"84e8c6d\" data-element_type=\"container\" data-e-type=\"container\" data-settings=\"{&quot;background_background&quot;:&quot;classic&quot;}\">\n\t\t<div class=\"elementor-element elementor-element-5b8bb49 e-con-full e-flex e-con e-child\" data-id=\"5b8bb49\" data-element_type=\"container\" data-e-type=\"container\">\n\t\t\t\t<div class=\"elementor-element elementor-element-72bcb75 elementor-widget elementor-widget-heading\" data-id=\"72bcb75\" data-element_type=\"widget\" data-e-type=\"widget\" data-widget_type=\"heading.default\">\n\t\t\t\t\t<h2 class=\"elementor-heading-title elementor-size-default\">More than just sweets: learning while baking with children<\/h2>\t\t\t\t<\/div>\n\t\t\t\t<div data-dce-text-color=\"#000000\" class=\"elementor-element elementor-element-924e657 elementor-widget__width-inherit elementor-widget elementor-widget-text-editor\" data-id=\"924e657\" data-element_type=\"widget\" data-e-type=\"widget\" data-widget_type=\"text-editor.default\">\n\t\t\t\t\t\t\t\t\t<p>Baking with children is much more than just a fun hobby. The cupcake recipes for children teach kids important skills along the way:<\/p><ul><li>Motor skills: Stirring, kneading, sprinkling and decorating trains fine motor skills and hand-eye coordination.<\/li><li>Maths &amp; quantities: Weighing ingredients, counting portions and reading baking times - maths can be experienced in a very practical way.<\/li><li>Language &amp; comprehension: By reading the recipes aloud, children expand their vocabulary and learn to understand step-by-step instructions.<\/li><li>Independence &amp; pride: When a child's play recipe succeeds, it boosts self-confidence - \u201eI've done it!\u201c.<\/li><\/ul><p><br \/>Step-by-step instructions are also ideal for children who are easily overwhelmed. The CupCakeCats guide you through each baking step at a calm pace so that nobody misses anything important. This makes baking with children relaxed, fun and a shared experience that everyone will remember fondly.<\/p>\t\t\t\t\t\t\t\t<\/div>\n\t\t\t\t<div data-dce-background-color=\"#E6007E\" class=\"elementor-element elementor-element-3548b36 elementor-align-justify elementor-widget elementor-widget-button\" data-id=\"3548b36\" data-element_type=\"widget\" data-e-type=\"widget\" data-widget_type=\"button.default\">\n\t\t\t\t\t\t\t\t\t\t<a class=\"elementor-button elementor-button-link elementor-size-sm\" href=\"https:\/\/cupcakecats.com\/en\/\">\n\t\t\t\t\t\t<span class=\"elementor-button-content-wrapper\">\n\t\t\t\t\t\t<span class=\"elementor-button-icon\">\n\t\t\t\t<svg aria-hidden=\"true\" class=\"e-font-icon-svg e-fas-chevron-right\" viewbox=\"0 0 320 512\" xmlns=\"http:\/\/www.w3.org\/2000\/svg\"><path d=\"M285.476 272.971L91.132 467.314c-9.373 9.373-24.569 9.373-33.941 0l-22.667-22.667c-9.357-9.357-9.375-24.522-.04-33.901L188.505 256 34.484 101.255c-9.335-9.379-9.317-24.544.04-33.901l22.667-22.667c9.373-9.373 24.569-9.373 33.941 0L285.475 239.03c9.373 9.372 9.373 24.568.001 33.941z\"><\/path><\/svg>\t\t\t<\/span>\n\t\t\t\t\t\t\t\t\t<span class=\"elementor-button-text\">To the recipes<\/span>\n\t\t\t\t\t<\/span>\n\t\t\t\t\t<\/a>\n\t\t\t\t\t\t\t\t<\/div>\n\t\t\t\t<\/div>\n\t\t\t\t<\/div>\n\t\t\t\t<\/div>\n\t\t\t\t<\/div>","protected":false},"excerpt":{"rendered":"<p>CupCakeCats: Schritt f\u00fcr Schritt und kinderleicht Backen mit Kindern Wie die CupCakeCats Kindern das Backen Schritt f\u00fcr Schritt beibringen Mit den CupCakeCats wird Backen mit Kindern kinderleicht. In der Webapp f\u00fchren niedliche KI-Katzen Kinder Schritt f\u00fcr Schritt durch das Rezept \u2013 vom Abwiegen der Zutaten bis zum fertig dekorierten Cupcake. Jeder Schritt wird langsam vorgelesen [&hellip;]<\/p>\n","protected":false},"author":2,"featured_media":2886,"parent":0,"menu_order":0,"comment_status":"closed","ping_status":"closed","template":"elementor_canvas","meta":{"_acf_changed":false,"footnotes":""},"class_list":["post-37","page","type-page","status-publish","has-post-thumbnail","hentry"],"acf":[],"_links":{"self":[{"href":"https:\/\/cupcakecats.com\/en\/wp-json\/wp\/v2\/pages\/37","targetHints":{"allow":["GET"]}}],"collection":[{"href":"https:\/\/cupcakecats.com\/en\/wp-json\/wp\/v2\/pages"}],"about":[{"href":"https:\/\/cupcakecats.com\/en\/wp-json\/wp\/v2\/types\/page"}],"author":[{"embeddable":true,"href":"https:\/\/cupcakecats.com\/en\/wp-json\/wp\/v2\/users\/2"}],"replies":[{"embeddable":true,"href":"https:\/\/cupcakecats.com\/en\/wp-json\/wp\/v2\/comments?post=37"}],"version-history":[{"count":31,"href":"https:\/\/cupcakecats.com\/en\/wp-json\/wp\/v2\/pages\/37\/revisions"}],"predecessor-version":[{"id":3263,"href":"https:\/\/cupcakecats.com\/en\/wp-json\/wp\/v2\/pages\/37\/revisions\/3263"}],"wp:featuredmedia":[{"embeddable":true,"href":"https:\/\/cupcakecats.com\/en\/wp-json\/wp\/v2\/media\/2886"}],"wp:attachment":[{"href":"https:\/\/cupcakecats.com\/en\/wp-json\/wp\/v2\/media?parent=37"}],"curies":[{"name":"wp","href":"https:\/\/api.w.org\/{rel}","templated":true}]}}